{"id":143,"date":"2018-05-14T08:03:07","date_gmt":"2018-05-14T08:03:07","guid":{"rendered":"http:\/\/turbotanoda.hu\/?page_id=143"},"modified":"2020-08-19T08:08:38","modified_gmt":"2020-08-19T08:08:38","slug":"tudosbuli","status":"publish","type":"page","link":"http:\/\/turbotanoda.hu\/en\/tudosbuli\/","title":{"rendered":"Scientist party"},"content":{"rendered":"<p>[vc_row full_width=&#8221;stretch_row&#8221; background_color=&#8221;custom&#8221; custom_background_color=&#8221;#ff3399&#8243;][vc_column][tm_spacer size=&#8221;lg:40&#8243;][vc_custom_heading text=&#8221;Tud\u00f3sbuli&#8221; font_container=&#8221;tag:h2|text_align:center|color:%23000000&#8243; google_fonts=&#8221;font_family:Open%20Sans%3A300%2C300italic%2Cregular%2Citalic%2C600%2C600italic%2C700%2C700italic%2C800%2C800italic|font_style:600%20bold%20regular%3A600%3Anormal&#8221;][tm_spacer size=&#8221;lg:10&#8243;][vc_custom_heading text=&#8221;K\u00eds\u00e9rletek k\u00e9pess\u00e9gfejleszt\u00e9ssel&#8221; font_container=&#8221;tag:h3|text_align:center|color:%23ffffff&#8221; google_fonts=&#8221;font_family:Open%20Sans%3A300%2C300italic%2Cregular%2Citalic%2C600%2C600italic%2C700%2C700italic%2C800%2C800italic|font_style:600%20bold%20regular%3A600%3Anormal&#8221;][tm_spacer size=&#8221;lg:40&#8243;][\/vc_column][\/vc_row][vc_row full_width=&#8221;stretch_row&#8221; content_placement=&#8221;middle&#8221; background_color=&#8221;custom&#8221; custom_background_color=&#8221;#99cc33&#8243; el_id=&#8221;ajanljuk&#8221;][vc_column width=&#8221;2\/3&#8243;][tm_spacer size=&#8221;lg:40&#8243;][vc_custom_heading text=&#8221;K\u00f6z\u00f6s \u00e1lmunk v\u00e1lt val\u00f3ra, amikor elind\u00edtottuk a Tud\u00f3sbulit. C\u00e9lunk egy olyan egyed\u00fcl\u00e1ll\u00f3 foglalkoz\u00e1s-sorozat l\u00e9trehoz\u00e1sa, amelyben \u00f6tv\u00f6zni tudjuk a term\u00e9szettudom\u00e1nyos ismeretek \u00e1tad\u00e1s\u00e1t a k\u00e9pess\u00e9gfejleszt\u00e9ssel. Mindezt J\u00c1T\u00c9KOS form\u00e1ban. Minden gyermek sz\u00e1m\u00e1ra a leg\u00e9rdekesebb tanul\u00e1si forma az empirikus tapasztal\u00e1s, amely sor\u00e1n saj\u00e1t maguk pr\u00f3b\u00e1lhatnak ki k\u00eds\u00e9rletek seg\u00edts\u00e9g\u00e9vel egy-egy jelens\u00e9get. \u00cdgy a minket k\u00f6r\u00fclvev\u0151 vil\u00e1got j\u00e1t\u00e9kos form\u00e1ban ismerhetik meg, mindek\u00f6zben olyan k\u00e9pess\u00e9gekre is szert tesznek, amelyekre a hagyom\u00e1nyos \u00f3vodai \u00e9s iskolai keretekben nincs lehet\u0151s\u00e9g.&#8221; font_container=&#8221;tag:h5|font_size:16|text_align:left|color:%23ffffff|line_height:2&#8243; google_fonts=&#8221;font_family:Open%20Sans%3A300%2C300italic%2Cregular%2Citalic%2C600%2C600italic%2C700%2C700italic%2C800%2C800italic|font_style:400%20regular%3A400%3Anormal&#8221;][tm_spacer size=&#8221;lg:40&#8243;][\/vc_column][vc_column width=&#8221;1\/3&#8243;][tm_spacer size=&#8221;lg:40&#8243;][vc_single_image image=&#8221;146&#8243; img_size=&#8221;full&#8221; alignment=&#8221;center&#8221;][tm_spacer size=&#8221;lg:40&#8243;][\/vc_column][\/vc_row][vc_row full_width=&#8221;stretch_row&#8221; content_placement=&#8221;middle&#8221; custom_border_color=&#8221;&#8221; background_color=&#8221;custom&#8221; custom_background_color=&#8221;#0099cc&#8221;][vc_column width=&#8221;1\/2&#8243;][tm_spacer size=&#8221;lg:40&#8243;][vc_custom_heading text=&#8221;Kiknek sz\u00f3l a Tud\u00f3sbuli?&#8221; font_container=&#8221;tag:h4|text_align:left|color:%23000000&#8243; google_fonts=&#8221;font_family:Open%20Sans%3A300%2C300italic%2Cregular%2Citalic%2C600%2C600italic%2C700%2C700italic%2C800%2C800italic|font_style:600%20bold%20regular%3A600%3Anormal&#8221;][tm_spacer size=&#8221;lg:40&#8243;][vc_custom_heading text=&#8221;\u2022 Nagycsoportosoknak<br \/>\n\u2022 Iskol\u00e1soknak 12 \u00e9ves korig<br \/>\n\u2022 R\u00e9szk\u00e9pess\u00e9gzavarral k\u00fczd\u0151 \u00e9s\/vagy tanul\u00e1sban akad\u00e1lyozott gyermekeknek<br \/>\n\u2022 \u00c1ltal\u00e1nos iskol\u00e1k, alap\u00edtv\u00e1nyi iskol\u00e1k, \u00f3vod\u00e1k csoportjainak (el\u0151zetes egyeztet\u00e9ssel)&#8221; font_container=&#8221;tag:h4|font_size:16|text_align:left|line_height:2&#8243; google_fonts=&#8221;font_family:Open%20Sans%3A300%2C300italic%2Cregular%2Citalic%2C600%2C600italic%2C700%2C700italic%2C800%2C800italic|font_style:400%20regular%3A400%3Anormal&#8221;][tm_spacer size=&#8221;lg:40&#8243;][\/vc_column][vc_column width=&#8221;1\/2&#8243;][tm_spacer size=&#8221;lg:40&#8243;][vc_single_image image=&#8221;227&#8243; img_size=&#8221;medium&#8221; alignment=&#8221;center&#8221;][tm_spacer size=&#8221;lg:40&#8243;][\/vc_column][\/vc_row][vc_row full_width=&#8221;stretch_row&#8221; content_placement=&#8221;middle&#8221; custom_border_color=&#8221;&#8221; background_color=&#8221;custom&#8221; custom_background_color=&#8221;#ffff33&#8243;][vc_column width=&#8221;1\/2&#8243;][tm_spacer size=&#8221;lg:40&#8243;][vc_custom_heading text=&#8221;\u00cdzel\u00edt\u0151 k\u00eds\u00e9rleteinkb\u0151l:&#8221; font_container=&#8221;tag:h4|text_align:left|color:%23000000&#8243; google_fonts=&#8221;font_family:Open%20Sans%3A300%2C300italic%2Cregular%2Citalic%2C600%2C600italic%2C700%2C700italic%2C800%2C800italic|font_style:600%20bold%20regular%3A600%3Anormal&#8221;][tm_spacer size=&#8221;lg:40&#8243;][vc_custom_heading text=&#8221;lufif\u00faj\u00e1s m\u00e9r\u0151hengerrel<br \/>\ntitkos\u00edr\u00e1s<br \/>\nelef\u00e1ntfogkr\u00e9m<br \/>\ncsodagyurma<br \/>\nfelsz\u00edni tr\u00fckk\u00f6k borssal \u00e9s g\u00e9mkapcsokkal<br \/>\nkiny\u00edl\u00f3 pap\u00edr-tavir\u00f3zs\u00e1k&#8221; font_container=&#8221;tag:h4|font_size:16|text_align:left|line_height:2&#8243; google_fonts=&#8221;font_family:Open%20Sans%3A300%2C300italic%2Cregular%2Citalic%2C600%2C600italic%2C700%2C700italic%2C800%2C800italic|font_style:400%20regular%3A400%3Anormal&#8221;][tm_spacer size=&#8221;lg:40&#8243;][\/vc_column][vc_column width=&#8221;1\/2&#8243;][tm_spacer size=&#8221;lg:80&#8243;][vc_custom_heading text=&#8221;Rendezv\u00e9nyre szabott \u2013 20 k\u00eds\u00e9rletb\u0151l \u00e1ll\u00f3 portf\u00f3li\u00f3nkb\u00f3l a c\u00e9ges rendezv\u00e9ny tematik\u00e1j\u00e1hoz ill\u0151 k\u00eds\u00e9rleti \u00f6ssze\u00e1ll\u00edt\u00e1ssal jelentkez\u00fcnk. P\u00e9ld\u00e1ul Mikul\u00e1s \u00fcnneps\u00e9gen a gyerekek tenyer\u00e9b\u0151l \u201en\u0151het ki\u201d h\u00f3, vagy m\u00e9r\u0151hengerb\u0151l \u00f6nthet ki egy csill\u00e1m-folyam.<br \/>\nEgyed\u00fcl\u00e1ll\u00f3 \u00e9lm\u00e9ny \u2013 Sz\u00f3rakoztat\u00f3 tanul\u00e1s.<br \/>\nRugalmas \u2013 K\u00fclt\u00e9ri \u00e9s belt\u00e9ri rendezv\u00e9nyekhez egyar\u00e1nt alkalmas. A gyermekl\u00e9tsz\u00e1mt\u00f3l f\u00fcgg\u0151en b\u0151v\u00edtj\u00fck anim\u00e1toraink csapat\u00e1t.<br \/>\nEgyszer\u0171 szervez\u00e9s \u2013 A k\u00eds\u00e9rletek elv\u00e9gz\u00e9s\u00e9hez sz\u00fcks\u00e9ges komplett felszerel\u00e9st, v\u00e9d\u0151eszk\u00f6z\u00f6ket, laboreszk\u00f6z\u00f6ket \u00e9s anyagokat biztos\u00edtjuk.&#8221; font_container=&#8221;tag:h5|font_size:14|text_align:left|line_height:2&#8243; google_fonts=&#8221;font_family:Open%20Sans%3A300%2C300italic%2Cregular%2Citalic%2C600%2C600italic%2C700%2C700italic%2C800%2C800italic|font_style:400%20regular%3A400%3Anormal&#8221;][tm_spacer size=&#8221;lg:40&#8243;][\/vc_column][\/vc_row][vc_row][vc_column][tm_spacer size=&#8221;lg:50&#8243;][\/vc_column][\/vc_row][vc_row full_width=&#8221;stretch_row&#8221; content_placement=&#8221;middle&#8221; custom_border_color=&#8221;&#8221; background_color=&#8221;custom&#8221; custom_background_color=&#8221;#ff3399&#8243;][vc_column width=&#8221;2\/3&#8243;][tm_spacer size=&#8221;lg:40&#8243;][vc_custom_heading text=&#8221;Pedag\u00f3giai kompetenci\u00e1ink:&#8221; font_container=&#8221;tag:h4|text_align:left|color:%23000000&#8243; google_fonts=&#8221;font_family:Open%20Sans%3A300%2C300italic%2Cregular%2Citalic%2C600%2C600italic%2C700%2C700italic%2C800%2C800italic|font_style:600%20bold%20regular%3A600%3Anormal&#8221;][tm_spacer size=&#8221;lg:40&#8243;][vc_custom_heading text=&#8221;- K\u00eds\u00e9rletek kis kort\u00f3l \u2013 empirikus \u00faton<br \/>\n&#8211; Az \u00e9rz\u00e9kel\u00e9s, \u00e9szlel\u00e9s, figyelem, eml\u00e9kezet, gondolkod\u00e1s fejleszt\u00e9si lehet\u0151s\u00e9gei<br \/>\n&#8211; Spont\u00e1n tanul\u00e1s a megtapasztalt \u00e9lm\u00e9nyek alapj\u00e1n \u2013 kognit\u00edv folyamatok mozg\u00e1s\u00e1nak ir\u00e1ny\u00edt\u00e1sa (absztrah\u00e1l\u00e1s, struktur\u00e1l\u00e1s, transzfer\u00e1l\u00e1s, kombin\u00e1l\u00e1s)<br \/>\n&#8211; \u00d6n\u00e1ll\u00f3, mikrocsoportos k\u00eds\u00e9rletez\u00e9s \u2013 kooperat\u00edv tanul\u00e1sszervez\u00e9s<br \/>\n&#8211; Kreat\u00edv k\u00eds\u00e9rleti koncepci\u00f3<br \/>\n&#8211; \u00d6n\u00e1ll\u00f3 probl\u00e9mamegold\u00e1s \u2013 szoci\u00e1lis k\u00e9pess\u00e9grendszer fejleszt\u00e9se&#8221; font_container=&#8221;tag:h5|font_size:16|text_align:left|line_height:2&#8243; google_fonts=&#8221;font_family:Open%20Sans%3A300%2C300italic%2Cregular%2Citalic%2C600%2C600italic%2C700%2C700italic%2C800%2C800italic|font_style:400%20regular%3A400%3Anormal&#8221;][tm_spacer size=&#8221;lg:40&#8243;][\/vc_column][vc_column width=&#8221;1\/3&#8243;][tm_spacer size=&#8221;lg:40&#8243;][vc_single_image image=&#8221;54&#8243; img_size=&#8221;full&#8221; alignment=&#8221;center&#8221;][tm_spacer size=&#8221;lg:40&#8243;][\/vc_column][\/vc_row][vc_row full_width=&#8221;stretch_row&#8221; content_placement=&#8221;middle&#8221; custom_border_color=&#8221;&#8221; background_color=&#8221;custom&#8221; custom_background_color=&#8221;#ffff33&#8243;][vc_column width=&#8221;1\/4&#8243;][tm_spacer size=&#8221;lg:40&#8243;][vc_single_image image=&#8221;230&#8243; img_size=&#8221;full&#8221; alignment=&#8221;center&#8221;][tm_spacer size=&#8221;lg:40&#8243;][\/vc_column][vc_column width=&#8221;3\/4&#8243;][tm_spacer size=&#8221;lg:40&#8243;][vc_custom_heading text=&#8221;Els\u0151 a biztons\u00e1g!&#8221; font_container=&#8221;tag:h4|text_align:left|color:%23000000&#8243; google_fonts=&#8221;font_family:Open%20Sans%3A300%2C300italic%2Cregular%2Citalic%2C600%2C600italic%2C700%2C700italic%2C800%2C800italic|font_style:600%20bold%20regular%3A600%3Anormal&#8221;][tm_spacer size=&#8221;lg:40&#8243;][vc_custom_heading text=&#8221;A k\u00eds\u00e9rleti feladatok kidolgoz\u00e1sakor els\u0151dleges szempont volt, hogy biztons\u00e1gos eszk\u00f6z\u00f6kkel, \u00e9s k\u00f6rnyezetben k\u00eds\u00e9rletezhessenek a gyerekek. A felhaszn\u00e1lt anyagok nem tartalmaznak eg\u00e9szs\u00e9gre k\u00e1ros anyagokat, haszn\u00e1latuk vesz\u00e9lytelen. Olyan, mindennapjainkban is fellelhet\u0151 anyagokr\u00f3l van sz\u00f3,mint p\u00e9ld\u00e1ul a cukor, \u00e9telsz\u00ednez\u00e9k, \u00e9leszt\u0151, s\u00f3 stb.<br \/>\nMinden foglalkoz\u00e1st j\u00e1t\u00e9kos balesetv\u00e9delmi bemutat\u00f3val kezd\u00fcnk, hogy a gyerekek is megismerj\u00e9k \u00e9s tudatosan alkalmazz\u00e1k a biztons\u00e1gos munkav\u00e9gz\u00e9s alapjait.<br \/>\nMinden r\u00e9sztvev\u0151 a k\u00eds\u00e9rletek elv\u00e9gz\u00e9s\u00e9hez laborszem\u00fcveget \u00e9s k\u00f6t\u00e9nyt kap.&#8221; font_container=&#8221;tag:h5|font_size:16|text_align:left|line_height:2&#8243; google_fonts=&#8221;font_family:Open%20Sans%3A300%2C300italic%2Cregular%2Citalic%2C600%2C600italic%2C700%2C700italic%2C800%2C800italic|font_style:400%20regular%3A400%3Anormal&#8221;][tm_spacer size=&#8221;lg:40&#8243;][\/vc_column][\/vc_row][vc_row full_width=&#8221;stretch_row&#8221; content_placement=&#8221;middle&#8221; custom_border_color=&#8221;&#8221; background_color=&#8221;custom&#8221; custom_background_color=&#8221;#0099cc&#8221;][vc_column width=&#8221;1\/2&#8243;][tm_spacer size=&#8221;lg:20&#8243;][vc_custom_heading text=&#8221;\u00c1raink:&#8221; font_container=&#8221;tag:h4|text_align:left|color:%23000000&#8243; google_fonts=&#8221;font_family:Open%20Sans%3A300%2C300italic%2Cregular%2Citalic%2C600%2C600italic%2C700%2C700italic%2C800%2C800italic|font_style:600%20bold%20regular%3A600%3Anormal&#8221;][tm_spacer size=&#8221;lg:20&#8243;][vc_custom_heading text=&#8221;A szombati foglalkoz\u00e1sok d\u00e9lel\u0151tt 10 \u00f3rakor kezd\u0151dnek, id\u0151tartamuk: 2 \u00f3ra.<br \/>\nR\u00e9szv\u00e9teli d\u00edj: 3500 Ft\/f\u0151<br \/>\nTestv\u00e9rkedvezm\u00e9ny: 2 gyermek eset\u00e9n 6000 Ft, 3 gyermek eset\u00e9n 8000 Ft!&#8221; font_container=&#8221;tag:h4|font_size:16|text_align:left|line_height:2&#8243; google_fonts=&#8221;font_family:Open%20Sans%3A300%2C300italic%2Cregular%2Citalic%2C600%2C600italic%2C700%2C700italic%2C800%2C800italic|font_style:400%20regular%3A400%3Anormal&#8221;][tm_spacer size=&#8221;lg:20&#8243;][\/vc_column][vc_column width=&#8221;1\/2&#8243;][tm_spacer size=&#8221;lg:20&#8243;][vc_single_image image=&#8221;163&#8243; img_size=&#8221;medium&#8221; alignment=&#8221;center&#8221;][tm_spacer size=&#8221;lg:20&#8243;][\/vc_column][\/vc_row][vc_row full_width=&#8221;stretch_row&#8221; background_color=&#8221;custom&#8221; custom_background_color=&#8221;#ff3399&#8243;][vc_column][tm_spacer size=&#8221;lg:20&#8243;][vc_custom_heading text=&#8221;Aktu\u00e1lis tematik\u00e1k \u00e9s id\u0151pontok facebook oldalunkon!&#8221; font_container=&#8221;tag:h5|text_align:center|color:%23ffffff&#8221; google_fonts=&#8221;font_family:Open%20Sans%3A300%2C300italic%2Cregular%2Citalic%2C600%2C600italic%2C700%2C700italic%2C800%2C800italic|font_style:600%20bold%20regular%3A600%3Anormal&#8221;][tm_spacer size=&#8221;lg:20&#8243;][vc_btn title=&#8221;Facebook oldalunk&#8221; color=&#8221;info&#8221; align=&#8221;center&#8221; i_icon_fontawesome=&#8221;fa fa-calendar-o&#8221; add_icon=&#8221;true&#8221; link=&#8221;url:https%3A%2F%2Fwww.facebook.com%2Fturbosuli%2F|||&#8221;][\/vc_column][\/vc_row][vc_row full_width=&#8221;stretch_row&#8221; content_placement=&#8221;middle&#8221; background_color=&#8221;custom&#8221; el_id=&#8221;jelentkez\u00e9s&#8221; custom_background_color=&#8221;#81d742&#8243;][vc_column width=&#8221;1\/2&#8243;][tm_spacer size=&#8221;lg:30&#8243;][vc_custom_heading text=&#8221;Jelentkez\u00e9s \u00e9s helysz\u00edn&#8221; font_container=&#8221;tag:h4|text_align:left|color:%23ffffff&#8221; google_fonts=&#8221;font_family:Open%20Sans%3A300%2C300italic%2Cregular%2Citalic%2C600%2C600italic%2C700%2C700italic%2C800%2C800italic|font_style:600%20bold%20regular%3A600%3Anormal&#8221;][tm_spacer size=&#8221;lg:50&#8243;][vc_custom_heading text=&#8221;El\u00e9rhet\u0151s\u00e9g<\/p>\n<p>Sindul\u00e1r Marianna<br \/>\nTurb\u00f3 Tanoda<\/p>\n<p>C\u00edm<br \/>\nT\u00e1rogat\u00f3 Office Center (IBS)<br \/>\n1021 Budapest, T\u00e1rogat\u00f3 \u00fat 2-4.<\/p>\n<p>Telefon<br \/>\n+36 20 291 9579<\/p>\n<p>E-mail<br \/>\ninfo@turbotanoda.hu&#8221; font_container=&#8221;tag:h4|font_size:16|text_align:left|color:%23ffffff&#8221; google_fonts=&#8221;font_family:Open%20Sans%3A300%2C300italic%2Cregular%2Citalic%2C600%2C600italic%2C700%2C700italic%2C800%2C800italic|font_style:600%20bold%20regular%3A600%3Anormal&#8221;][tm_spacer size=&#8221;lg:40&#8243;][\/vc_column][vc_column width=&#8221;1\/2&#8243;][tm_spacer size=&#8221;lg:50&#8243;][vc_gmaps link=&#8221;#E-8_JTNDaWZyYW1lJTIwc3JjJTNEJTIyaHR0cHMlM0ElMkYlMkZ3d3cuZ29vZ2xlLmNvbSUyRm1hcHMlMkZlbWJlZCUzRnBiJTNEJTIxMW0xNCUyMTFtOCUyMTFtMyUyMTFkMTA3NzcuNTk1OTE1Mjg5NDQ1JTIxMmQxOC45OTAwOTc2JTIxM2Q0Ny41MjEwOTQ5JTIxM20yJTIxMWkxMDI0JTIxMmk3NjglMjE0ZjEzLjElMjEzbTMlMjExbTIlMjExczB4MCUyNTNBMHg3MTlmYTFjMzgyZTUxMDk2JTIxMnNUdXJiJTI1QzMlMjVCMyUyNTIwVGFub2RhJTIxNWUwJTIxM20yJTIxMXNlbiUyMTJzaHUlMjE0djE1OTc4MjQwNTE3NTclMjE1bTIlMjExc2VuJTIxMnNodSUyMiUyMHdpZHRoJTNEJTIyNjAwJTIyJTIwaGVpZ2h0JTNEJTIyNDUwJTIyJTIwZnJhbWVib3JkZXIlM0QlMjIwJTIyJTIwc3R5bGUlM0QlMjJib3JkZXIlM0EwJTNCJTIyJTIwYWxsb3dmdWxsc2NyZWVuJTNEJTIyJTIyJTIwYXJpYS1oaWRkZW4lM0QlMjJmYWxzZSUyMiUyMHRhYmluZGV4JTNEJTIyMCUyMiUzRSUzQyUyRmlmcmFtZSUzRQ==&#8221;][tm_spacer size=&#8221;lg:40&#8243;][\/vc_column][\/vc_row]<\/p>\n","protected":false},"excerpt":{"rendered":"<p>[vc_row full_width=&#8221;stretch_row&#8221; background_color=&#8221;custom&#8221; custom_background_color=&#8221;#ff3399&#8243;][vc_column][tm_spacer size=&#8221;lg:40&#8243;][vc_custom_heading text=&#8221;Tud\u00f3sbuli&#8221; font_container=&#8221;tag:h2|text_align:center|color:%23000000&#8243; google_fonts=&#8221;font_family:Open%20Sans%3A300%2C300italic%2Cregular%2Citalic%2C600%2C600italic%2C700%2C700italic%2C800%2C800italic|font_style:600%20bold%20regular%3A600%3Anormal&#8221;][tm_spacer size=&#8221;lg:10&#8243;][vc_custom_heading text=&#8221;K\u00eds\u00e9rletek k\u00e9pess\u00e9gfejleszt\u00e9ssel&#8221; font_container=&#8221;tag:h3|text_align:center|color:%23ffffff&#8221; google_fonts=&#8221;font_family:Open%20Sans%3A300%2C300italic%2Cregular%2Citalic%2C600%2C600italic%2C700%2C700italic%2C800%2C800italic|font_style:600%20bold%20regular%3A600%3Anormal&#8221;][tm_spacer size=&#8221;lg:40&#8243;][\/vc_column][\/vc_row][vc_row full_width=&#8221;stretch_row&#8221; content_placement=&#8221;middle&#8221; background_color=&#8221;custom&#8221; custom_background_color=&#8221;#99cc33&#8243; el_id=&#8221;ajanljuk&#8221;][vc_column width=&#8221;2\/3&#8243;][tm_spacer size=&#8221;lg:40&#8243;][vc_custom_heading text=&#8221;K\u00f6z\u00f6s \u00e1lmunk v\u00e1lt val\u00f3ra, amikor elind\u00edtottuk a Tud\u00f3sbulit. C\u00e9lunk egy olyan egyed\u00fcl\u00e1ll\u00f3 foglalkoz\u00e1s-sorozat l\u00e9trehoz\u00e1sa, amelyben \u00f6tv\u00f6zni tudjuk a term\u00e9szettudom\u00e1nyos ismeretek \u00e1tad\u00e1s\u00e1t a k\u00e9pess\u00e9gfejleszt\u00e9ssel. Mindezt J\u00c1T\u00c9KOS form\u00e1ban. Minden gyermek sz\u00e1m\u00e1ra a leg\u00e9rdekesebb tanul\u00e1si forma az [&hellip;]<\/p>\n","protected":false},"author":5,"featured_media":0,"parent":0,"menu_order":0,"comment_status":"closed","ping_status":"closed","template":"","meta":{"footnotes":""},"class_list":["post-143","page","type-page","status-publish","hentry"],"yoast_head":"<!-- This site is optimized with the Yoast SEO plugin v27.5 - https:\/\/yoast.com\/product\/yoast-seo-wordpress\/ -->\n<title>Tud\u00f3sbuli - Turbo Tanoda<\/title>\n<meta name=\"robots\" content=\"index, follow, max-snippet:-1, max-image-preview:large, max-video-preview:-1\" \/>\n<link rel=\"canonical\" href=\"https:\/\/turbotanoda.hu\/en\/tudosbuli\/\" \/>\n<meta property=\"og:locale\" content=\"en_US\" \/>\n<meta property=\"og:type\" content=\"article\" \/>\n<meta property=\"og:title\" content=\"Tud\u00f3sbuli - Turbo Tanoda\" \/>\n<meta property=\"og:description\" content=\"[vc_row full_width=&#8221;stretch_row&#8221; background_color=&#8221;custom&#8221; custom_background_color=&#8221;#ff3399&#8243;][vc_column][tm_spacer size=&#8221;lg:40&#8243;][vc_custom_heading text=&#8221;Tud\u00f3sbuli&#8221; font_container=&#8221;tag:h2|text_align:center|color:%23000000&#8243; google_fonts=&#8221;font_family:Open%20Sans%3A300%2C300italic%2Cregular%2Citalic%2C600%2C600italic%2C700%2C700italic%2C800%2C800italic|font_style:600%20bold%20regular%3A600%3Anormal&#8221;][tm_spacer size=&#8221;lg:10&#8243;][vc_custom_heading text=&#8221;K\u00eds\u00e9rletek k\u00e9pess\u00e9gfejleszt\u00e9ssel&#8221; font_container=&#8221;tag:h3|text_align:center|color:%23ffffff&#8221; google_fonts=&#8221;font_family:Open%20Sans%3A300%2C300italic%2Cregular%2Citalic%2C600%2C600italic%2C700%2C700italic%2C800%2C800italic|font_style:600%20bold%20regular%3A600%3Anormal&#8221;][tm_spacer size=&#8221;lg:40&#8243;][\/vc_column][\/vc_row][vc_row full_width=&#8221;stretch_row&#8221; content_placement=&#8221;middle&#8221; background_color=&#8221;custom&#8221; custom_background_color=&#8221;#99cc33&#8243; el_id=&#8221;ajanljuk&#8221;][vc_column width=&#8221;2\/3&#8243;][tm_spacer size=&#8221;lg:40&#8243;][vc_custom_heading text=&#8221;K\u00f6z\u00f6s \u00e1lmunk v\u00e1lt val\u00f3ra, amikor elind\u00edtottuk a Tud\u00f3sbulit. C\u00e9lunk egy olyan egyed\u00fcl\u00e1ll\u00f3 foglalkoz\u00e1s-sorozat l\u00e9trehoz\u00e1sa, amelyben \u00f6tv\u00f6zni tudjuk a term\u00e9szettudom\u00e1nyos ismeretek \u00e1tad\u00e1s\u00e1t a k\u00e9pess\u00e9gfejleszt\u00e9ssel. Mindezt J\u00c1T\u00c9KOS form\u00e1ban. Minden gyermek sz\u00e1m\u00e1ra a leg\u00e9rdekesebb tanul\u00e1si forma az [&hellip;]\" \/>\n<meta property=\"og:url\" content=\"https:\/\/turbotanoda.hu\/en\/tudosbuli\/\" \/>\n<meta property=\"og:site_name\" content=\"Turbo Tanoda\" \/>\n<meta property=\"article:modified_time\" content=\"2020-08-19T08:08:38+00:00\" \/>\n<meta name=\"twitter:card\" content=\"summary_large_image\" \/>\n<meta name=\"twitter:label1\" content=\"Est. reading time\" \/>\n\t<meta name=\"twitter:data1\" content=\"9 minutes\" \/>\n<script type=\"application\/ld+json\" class=\"yoast-schema-graph\">{\"@context\":\"https:\\\/\\\/schema.org\",\"@graph\":[{\"@type\":\"WebPage\",\"@id\":\"https:\\\/\\\/turbotanoda.hu\\\/tudosbuli\\\/\",\"url\":\"https:\\\/\\\/turbotanoda.hu\\\/tudosbuli\\\/\",\"name\":\"Tud\u00f3sbuli - Turbo Tanoda\",\"isPartOf\":{\"@id\":\"https:\\\/\\\/turbotanoda.hu\\\/#website\"},\"datePublished\":\"2018-05-14T08:03:07+00:00\",\"dateModified\":\"2020-08-19T08:08:38+00:00\",\"breadcrumb\":{\"@id\":\"https:\\\/\\\/turbotanoda.hu\\\/tudosbuli\\\/#breadcrumb\"},\"inLanguage\":\"en-US\",\"potentialAction\":[{\"@type\":\"ReadAction\",\"target\":[\"https:\\\/\\\/turbotanoda.hu\\\/tudosbuli\\\/\"]}]},{\"@type\":\"BreadcrumbList\",\"@id\":\"https:\\\/\\\/turbotanoda.hu\\\/tudosbuli\\\/#breadcrumb\",\"itemListElement\":[{\"@type\":\"ListItem\",\"position\":1,\"name\":\"Kezd\u0151lap\",\"item\":\"https:\\\/\\\/turbotanoda.hu\\\/\"},{\"@type\":\"ListItem\",\"position\":2,\"name\":\"Tud\u00f3sbuli\"}]},{\"@type\":\"WebSite\",\"@id\":\"https:\\\/\\\/turbotanoda.hu\\\/#website\",\"url\":\"https:\\\/\\\/turbotanoda.hu\\\/\",\"name\":\"Turbo Tanoda\",\"description\":\"Turbo Tanul\u00e1s\",\"potentialAction\":[{\"@type\":\"SearchAction\",\"target\":{\"@type\":\"EntryPoint\",\"urlTemplate\":\"https:\\\/\\\/turbotanoda.hu\\\/?s={search_term_string}\"},\"query-input\":{\"@type\":\"PropertyValueSpecification\",\"valueRequired\":true,\"valueName\":\"search_term_string\"}}],\"inLanguage\":\"en-US\"}]}<\/script>\n<!-- \/ Yoast SEO plugin. -->","yoast_head_json":{"title":"Tud\u00f3sbuli - Turbo Tanoda","robots":{"index":"index","follow":"follow","max-snippet":"max-snippet:-1","max-image-preview":"max-image-preview:large","max-video-preview":"max-video-preview:-1"},"canonical":"https:\/\/turbotanoda.hu\/en\/tudosbuli\/","og_locale":"en_US","og_type":"article","og_title":"Tud\u00f3sbuli - Turbo Tanoda","og_description":"[vc_row full_width=&#8221;stretch_row&#8221; background_color=&#8221;custom&#8221; custom_background_color=&#8221;#ff3399&#8243;][vc_column][tm_spacer size=&#8221;lg:40&#8243;][vc_custom_heading text=&#8221;Tud\u00f3sbuli&#8221; font_container=&#8221;tag:h2|text_align:center|color:%23000000&#8243; google_fonts=&#8221;font_family:Open%20Sans%3A300%2C300italic%2Cregular%2Citalic%2C600%2C600italic%2C700%2C700italic%2C800%2C800italic|font_style:600%20bold%20regular%3A600%3Anormal&#8221;][tm_spacer size=&#8221;lg:10&#8243;][vc_custom_heading text=&#8221;K\u00eds\u00e9rletek k\u00e9pess\u00e9gfejleszt\u00e9ssel&#8221; font_container=&#8221;tag:h3|text_align:center|color:%23ffffff&#8221; google_fonts=&#8221;font_family:Open%20Sans%3A300%2C300italic%2Cregular%2Citalic%2C600%2C600italic%2C700%2C700italic%2C800%2C800italic|font_style:600%20bold%20regular%3A600%3Anormal&#8221;][tm_spacer size=&#8221;lg:40&#8243;][\/vc_column][\/vc_row][vc_row full_width=&#8221;stretch_row&#8221; content_placement=&#8221;middle&#8221; background_color=&#8221;custom&#8221; custom_background_color=&#8221;#99cc33&#8243; el_id=&#8221;ajanljuk&#8221;][vc_column width=&#8221;2\/3&#8243;][tm_spacer size=&#8221;lg:40&#8243;][vc_custom_heading text=&#8221;K\u00f6z\u00f6s \u00e1lmunk v\u00e1lt val\u00f3ra, amikor elind\u00edtottuk a Tud\u00f3sbulit. C\u00e9lunk egy olyan egyed\u00fcl\u00e1ll\u00f3 foglalkoz\u00e1s-sorozat l\u00e9trehoz\u00e1sa, amelyben \u00f6tv\u00f6zni tudjuk a term\u00e9szettudom\u00e1nyos ismeretek \u00e1tad\u00e1s\u00e1t a k\u00e9pess\u00e9gfejleszt\u00e9ssel. Mindezt J\u00c1T\u00c9KOS form\u00e1ban. Minden gyermek sz\u00e1m\u00e1ra a leg\u00e9rdekesebb tanul\u00e1si forma az [&hellip;]","og_url":"https:\/\/turbotanoda.hu\/en\/tudosbuli\/","og_site_name":"Turbo Tanoda","article_modified_time":"2020-08-19T08:08:38+00:00","twitter_card":"summary_large_image","twitter_misc":{"Est. reading time":"9 minutes"},"schema":{"@context":"https:\/\/schema.org","@graph":[{"@type":"WebPage","@id":"https:\/\/turbotanoda.hu\/tudosbuli\/","url":"https:\/\/turbotanoda.hu\/tudosbuli\/","name":"Tud\u00f3sbuli - Turbo Tanoda","isPartOf":{"@id":"https:\/\/turbotanoda.hu\/#website"},"datePublished":"2018-05-14T08:03:07+00:00","dateModified":"2020-08-19T08:08:38+00:00","breadcrumb":{"@id":"https:\/\/turbotanoda.hu\/tudosbuli\/#breadcrumb"},"inLanguage":"en-US","potentialAction":[{"@type":"ReadAction","target":["https:\/\/turbotanoda.hu\/tudosbuli\/"]}]},{"@type":"BreadcrumbList","@id":"https:\/\/turbotanoda.hu\/tudosbuli\/#breadcrumb","itemListElement":[{"@type":"ListItem","position":1,"name":"Kezd\u0151lap","item":"https:\/\/turbotanoda.hu\/"},{"@type":"ListItem","position":2,"name":"Tud\u00f3sbuli"}]},{"@type":"WebSite","@id":"https:\/\/turbotanoda.hu\/#website","url":"https:\/\/turbotanoda.hu\/","name":"Turbo Tanoda","description":"Turbo Tanul\u00e1s","potentialAction":[{"@type":"SearchAction","target":{"@type":"EntryPoint","urlTemplate":"https:\/\/turbotanoda.hu\/?s={search_term_string}"},"query-input":{"@type":"PropertyValueSpecification","valueRequired":true,"valueName":"search_term_string"}}],"inLanguage":"en-US"}]}},"_links":{"self":[{"href":"http:\/\/turbotanoda.hu\/en\/wp-json\/wp\/v2\/pages\/143","targetHints":{"allow":["GET"]}}],"collection":[{"href":"http:\/\/turbotanoda.hu\/en\/wp-json\/wp\/v2\/pages"}],"about":[{"href":"http:\/\/turbotanoda.hu\/en\/wp-json\/wp\/v2\/types\/page"}],"author":[{"embeddable":true,"href":"http:\/\/turbotanoda.hu\/en\/wp-json\/wp\/v2\/users\/5"}],"replies":[{"embeddable":true,"href":"http:\/\/turbotanoda.hu\/en\/wp-json\/wp\/v2\/comments?post=143"}],"version-history":[{"count":4,"href":"http:\/\/turbotanoda.hu\/en\/wp-json\/wp\/v2\/pages\/143\/revisions"}],"predecessor-version":[{"id":748,"href":"http:\/\/turbotanoda.hu\/en\/wp-json\/wp\/v2\/pages\/143\/revisions\/748"}],"wp:attachment":[{"href":"http:\/\/turbotanoda.hu\/en\/wp-json\/wp\/v2\/media?parent=143"}],"curies":[{"name":"wp","href":"https:\/\/api.w.org\/{rel}","templated":true}]}}