{"id":130,"date":"2018-05-14T07:24:15","date_gmt":"2018-05-14T07:24:15","guid":{"rendered":"http:\/\/turbotanoda.hu\/?page_id=130"},"modified":"2018-05-16T20:13:34","modified_gmt":"2018-05-16T20:13:34","slug":"neurofeedback","status":"publish","type":"page","link":"https:\/\/turbotanoda.hu\/en\/neurofeedback\/","title":{"rendered":"NEUROFEEDBACK"},"content":{"rendered":"<p>[vc_row full_width=&#8221;stretch_row&#8221; background_color=&#8221;custom&#8221; custom_background_color=&#8221;#431b42&#8243;][vc_column][vc_custom_heading text=&#8221;Neurofeedback&#8221; font_container=&#8221;tag:h3|text_align:center|color:%23ffffff&#8221; google_fonts=&#8221;font_family:Open%20Sans%3A300%2C300italic%2Cregular%2Citalic%2C600%2C600italic%2C700%2C700italic%2C800%2C800italic|font_style:600%20bold%20regular%3A600%3Anormal&#8221; css=&#8221;.vc_custom_1526501601364{padding-top: 40px !important;padding-bottom: 40px !important;}&#8221;][\/vc_column][\/vc_row][vc_row full_width=&#8221;stretch_row&#8221; content_placement=&#8221;middle&#8221; background_color=&#8221;custom&#8221; custom_background_color=&#8221;#ff3399&#8243; el_id=&#8221;ajanljuk&#8221;][vc_column width=&#8221;1\/2&#8243;][tm_spacer size=&#8221;lg:40&#8243;][vc_custom_heading text=&#8221;MIRE AJ\u00c1NLJUK?&#8221; font_container=&#8221;tag:h4|text_align:left|color:%23ffffff&#8221; google_fonts=&#8221;font_family:Open%20Sans%3A300%2C300italic%2Cregular%2Citalic%2C600%2C600italic%2C700%2C700italic%2C800%2C800italic|font_style:600%20bold%20regular%3A600%3Anormal&#8221;][tm_spacer size=&#8221;lg:60&#8243;][vc_custom_heading text=&#8221;\u2022\tFigyelemzavar<br \/>\n\u2022\tADHD, ADD<br \/>\n\u2022\tTanul\u00e1si zavarok: Diszlexia, Diszgr\u00e1fia, Diszkalkulia<br \/>\n\u2022\tTehets\u00e9g optimaliz\u00e1l\u00e1s&#8221; font_container=&#8221;tag:h4|font_size:16|text_align:left|color:%23ffffff|line_height:3&#8243; google_fonts=&#8221;font_family:Open%20Sans%3A300%2C300italic%2Cregular%2Citalic%2C600%2C600italic%2C700%2C700italic%2C800%2C800italic|font_style:400%20regular%3A400%3Anormal&#8221;][tm_spacer size=&#8221;lg:50&#8243;][\/vc_column][vc_column width=&#8221;1\/2&#8243;][tm_spacer size=&#8221;lg:40&#8243;][vc_single_image image=&#8221;53&#8243; img_size=&#8221;large&#8221; alignment=&#8221;center&#8221;][tm_spacer size=&#8221;lg:40&#8243;][\/vc_column][\/vc_row][vc_row full_width=&#8221;stretch_row&#8221; content_placement=&#8221;middle&#8221; background_color=&#8221;custom&#8221; custom_background_color=&#8221;#0099cc&#8221;][vc_column width=&#8221;1\/2&#8243;][tm_spacer size=&#8221;lg:60&#8243;][vc_custom_heading text=&#8221;\u2022\tViselked\u00e9si probl\u00e9m\u00e1k<br \/>\n\u2022\tAlv\u00e1szavarok<br \/>\n\u2022\tSzorong\u00e1s<br \/>\n\u2022\tAutizmus Spektrum Zavar&#8221; font_container=&#8221;tag:h3|font_size:16|text_align:left|color:%23ffffff|line_height:3&#8243; google_fonts=&#8221;font_family:Open%20Sans%3A300%2C300italic%2Cregular%2Citalic%2C600%2C600italic%2C700%2C700italic%2C800%2C800italic|font_style:400%20regular%3A400%3Anormal&#8221;][tm_spacer size=&#8221;lg:50&#8243;][\/vc_column][vc_column width=&#8221;1\/2&#8243;][tm_spacer size=&#8221;lg:40&#8243;][vc_single_image image=&#8221;137&#8243; img_size=&#8221;full&#8221; alignment=&#8221;center&#8221; full_width=&#8221;true&#8221;][tm_spacer size=&#8221;lg:40&#8243;][\/vc_column][\/vc_row][vc_row full_width=&#8221;stretch_row&#8221; content_placement=&#8221;middle&#8221; custom_border_color=&#8221;&#8221; background_color=&#8221;custom&#8221; custom_background_color=&#8221;#ffff33&#8243;][vc_column width=&#8221;1\/2&#8243;][tm_spacer size=&#8221;lg:40&#8243;][vc_custom_heading text=&#8221;KIKNEK AJ\u00c1NLJUK?&#8221; font_container=&#8221;tag:h4|text_align:left|color:%23000000&#8243; google_fonts=&#8221;font_family:Open%20Sans%3A300%2C300italic%2Cregular%2Citalic%2C600%2C600italic%2C700%2C700italic%2C800%2C800italic|font_style:600%20bold%20regular%3A600%3Anormal&#8221;][tm_spacer size=&#8221;lg:40&#8243;][vc_custom_heading text=&#8221;\u2022\tGyerekeknek<br \/>\n\u2022\tSportol\u00f3knak<br \/>\n\u2022\tVersenyre k\u00e9sz\u00fcl\u0151knek<br \/>\n\u2022\tT\u00e1ncosoknak, zen\u00e9szeknek<br \/>\n\u2022\tMenedzsereknek&#8221; font_container=&#8221;tag:h3|font_size:16|text_align:left|line_height:2&#8243; google_fonts=&#8221;font_family:Open%20Sans%3A300%2C300italic%2Cregular%2Citalic%2C600%2C600italic%2C700%2C700italic%2C800%2C800italic|font_style:400%20regular%3A400%3Anormal&#8221;][tm_spacer size=&#8221;lg:40&#8243;][\/vc_column][vc_column width=&#8221;1\/2&#8243;][tm_spacer size=&#8221;lg:40&#8243;][vc_single_image image=&#8221;139&#8243; img_size=&#8221;full&#8221; alignment=&#8221;center&#8221;][tm_spacer size=&#8221;lg:40&#8243;][\/vc_column][\/vc_row][vc_row][vc_column][tm_spacer size=&#8221;lg:50&#8243;][\/vc_column][\/vc_row][vc_row full_width=&#8221;stretch_row&#8221; background_color=&#8221;custom&#8221; el_id=&#8221;jelentkez\u00e9s&#8221; custom_background_color=&#8221;#81d742&#8243;][vc_column width=&#8221;1\/2&#8243;][tm_spacer size=&#8221;lg:30&#8243;][vc_custom_heading text=&#8221;JELENTKEZ\u00c9S \u00c9S HELYSZ\u00cdN&#8221; font_container=&#8221;tag:h4|text_align:left|color:%23ffffff&#8221; google_fonts=&#8221;font_family:Open%20Sans%3A300%2C300italic%2Cregular%2Citalic%2C600%2C600italic%2C700%2C700italic%2C800%2C800italic|font_style:600%20bold%20regular%3A600%3Anormal&#8221;][tm_spacer size=&#8221;lg:50&#8243;][vc_custom_heading text=&#8221;EL\u00c9RHET\u0150S\u00c9G<\/p>\n<p>Sindul\u00e1r Marianna<br \/>\nTurb\u00f3 Tanoda Neurofeedback<\/p>\n<p>C\u00cdM<br \/>\nT\u00e1rogat\u00f3 Office Center (IBS)<br \/>\n1021 Budapest, T\u00e1rogat\u00f3 \u00fat 2-4.<\/p>\n<p>TELEFON<br \/>\n+36 20 291 9579<\/p>\n<p>E-MAIL<br \/>\nsindular.marianna@gmail.com<\/p>\n<p>SZ\u00c1MLASZ\u00c1M:<br \/>\n10702198-69072981-51100005&#8243; font_container=&#8221;tag:h4|font_size:20|text_align:left|color:%23ffffff|line_height:1&#8243; google_fonts=&#8221;font_family:Open%20Sans%3A300%2C300italic%2Cregular%2Citalic%2C600%2C600italic%2C700%2C700italic%2C800%2C800italic|font_style:600%20bold%20regular%3A600%3Anormal&#8221;][tm_spacer size=&#8221;lg:40&#8243;][\/vc_column][vc_column width=&#8221;1\/2&#8243;][tm_spacer size=&#8221;lg:50&#8243;][vc_gmaps link=&#8221;#E-8_JTNDaWZyYW1lJTIwc3JjJTNEJTIyaHR0cHMlM0ElMkYlMkZ3d3cuZ29vZ2xlLmNvbSUyRm1hcHMlMkZlbWJlZCUzRnBiJTNEJTIxMW0xNCUyMTFtOCUyMTFtMyUyMTFkMTA3NzcuNTgxMzA5MDc0OTIyJTIxMmQxOC45OTAxNzM3JTIxM2Q0Ny41MjExNjYlMjEzbTIlMjExaTEwMjQlMjEyaTc2OCUyMTRmMTMuMSUyMTNtMyUyMTFtMiUyMTFzMHgwJTI1M0EweGIwMWUxNmI2OTg2OWJmNDclMjEyc0J1ZGFpJTJCTWFnJTI1QzMlMjVBMW56ZW5laXNrb2xhJTJCJTI4SUJTJTJCSyUyNUMzJTI1QjZ6cG9udCUyOSUyQmVsZWt0cm9tb3MlMkJrbGFzc3ppa3VzJTJCZ2l0JTI1QzMlMjVBMXIlMkJ6b25nb3JhJTJCY3NlbGwlMjVDMyUyNUIzJTJCaGVnZWQlMjVDNSUyNUIxJTJCb2t0YXQlMjVDMyUyNUExcyUyMTVlMCUyMTNtMiUyMTFzaHUlMjEyc2h1JTIxNHYxNTI1Njg4MjMxNDE5JTIyJTIwd2lkdGglM0QlMjI2MDAlMjIlMjBoZWlnaHQlM0QlMjI0NTAlMjIlMjBmcmFtZWJvcmRlciUzRCUyMjAlMjIlMjBzdHlsZSUzRCUyMmJvcmRlciUzQTAlMjIlMjBhbGxvd2Z1bGxzY3JlZW4lM0UlM0MlMkZpZnJhbWUlM0U=&#8221;][tm_spacer size=&#8221;lg:40&#8243;][\/vc_column][\/vc_row]<\/p>\n","protected":false},"excerpt":{"rendered":"<p>[vc_row full_width=&#8221;stretch_row&#8221; background_color=&#8221;custom&#8221; custom_background_color=&#8221;#431b42&#8243;][vc_column][vc_custom_heading text=&#8221;Neurofeedback&#8221; font_container=&#8221;tag:h3|text_align:center|color:%23ffffff&#8221; google_fonts=&#8221;font_family:Open%20Sans%3A300%2C300italic%2Cregular%2Citalic%2C600%2C600italic%2C700%2C700italic%2C800%2C800italic|font_style:600%20bold%20regular%3A600%3Anormal&#8221; css=&#8221;.vc_custom_1526501601364{padding-top: 40px !important;padding-bottom: 40px !important;}&#8221;][\/vc_column][\/vc_row][vc_row full_width=&#8221;stretch_row&#8221; content_placement=&#8221;middle&#8221; background_color=&#8221;custom&#8221; custom_background_color=&#8221;#ff3399&#8243; el_id=&#8221;ajanljuk&#8221;][vc_column width=&#8221;1\/2&#8243;][tm_spacer size=&#8221;lg:40&#8243;][vc_custom_heading text=&#8221;MIRE AJ\u00c1NLJUK?&#8221; font_container=&#8221;tag:h4|text_align:left|color:%23ffffff&#8221; google_fonts=&#8221;font_family:Open%20Sans%3A300%2C300italic%2Cregular%2Citalic%2C600%2C600italic%2C700%2C700italic%2C800%2C800italic|font_style:600%20bold%20regular%3A600%3Anormal&#8221;][tm_spacer size=&#8221;lg:60&#8243;][vc_custom_heading text=&#8221;\u2022 Figyelemzavar \u2022 ADHD, ADD \u2022 Tanul\u00e1si zavarok: Diszlexia, Diszgr\u00e1fia, Diszkalkulia \u2022 Tehets\u00e9g optimaliz\u00e1l\u00e1s&#8221; font_container=&#8221;tag:h4|font_size:16|text_align:left|color:%23ffffff|line_height:3&#8243; google_fonts=&#8221;font_family:Open%20Sans%3A300%2C300italic%2Cregular%2Citalic%2C600%2C600italic%2C700%2C700italic%2C800%2C800italic|font_style:400%20regular%3A400%3Anormal&#8221;][tm_spacer size=&#8221;lg:50&#8243;][\/vc_column][vc_column width=&#8221;1\/2&#8243;][tm_spacer size=&#8221;lg:40&#8243;][vc_single_image image=&#8221;53&#8243; img_size=&#8221;large&#8221; alignment=&#8221;center&#8221;][tm_spacer size=&#8221;lg:40&#8243;][\/vc_column][\/vc_row][vc_row full_width=&#8221;stretch_row&#8221; content_placement=&#8221;middle&#8221; background_color=&#8221;custom&#8221; custom_background_color=&#8221;#0099cc&#8221;][vc_column width=&#8221;1\/2&#8243;][tm_spacer size=&#8221;lg:60&#8243;][vc_custom_heading text=&#8221;\u2022 Viselked\u00e9si [&hellip;]<\/p>\n","protected":false},"author":5,"featured_media":0,"parent":0,"menu_order":0,"comment_status":"closed","ping_status":"closed","template":"","meta":{"footnotes":""},"class_list":["post-130","page","type-page","status-publish","hentry"],"yoast_head":"<!-- This site is optimized with the Yoast SEO plugin v27.3 - https:\/\/yoast.com\/product\/yoast-seo-wordpress\/ -->\n<title>NEUROFEEDBACK - Turbo Tanoda<\/title>\n<meta name=\"robots\" content=\"index, follow, max-snippet:-1, max-image-preview:large, max-video-preview:-1\" \/>\n<link rel=\"canonical\" href=\"https:\/\/turbotanoda.hu\/en\/neurofeedback\/\" \/>\n<meta property=\"og:locale\" content=\"en_US\" \/>\n<meta property=\"og:type\" content=\"article\" \/>\n<meta property=\"og:title\" content=\"NEUROFEEDBACK - Turbo Tanoda\" \/>\n<meta property=\"og:description\" content=\"[vc_row full_width=&#8221;stretch_row&#8221; background_color=&#8221;custom&#8221; custom_background_color=&#8221;#431b42&#8243;][vc_column][vc_custom_heading text=&#8221;Neurofeedback&#8221; font_container=&#8221;tag:h3|text_align:center|color:%23ffffff&#8221; google_fonts=&#8221;font_family:Open%20Sans%3A300%2C300italic%2Cregular%2Citalic%2C600%2C600italic%2C700%2C700italic%2C800%2C800italic|font_style:600%20bold%20regular%3A600%3Anormal&#8221; css=&#8221;.vc_custom_1526501601364{padding-top: 40px !important;padding-bottom: 40px !important;}&#8221;][\/vc_column][\/vc_row][vc_row full_width=&#8221;stretch_row&#8221; content_placement=&#8221;middle&#8221; background_color=&#8221;custom&#8221; custom_background_color=&#8221;#ff3399&#8243; el_id=&#8221;ajanljuk&#8221;][vc_column width=&#8221;1\/2&#8243;][tm_spacer size=&#8221;lg:40&#8243;][vc_custom_heading text=&#8221;MIRE AJ\u00c1NLJUK?&#8221; font_container=&#8221;tag:h4|text_align:left|color:%23ffffff&#8221; google_fonts=&#8221;font_family:Open%20Sans%3A300%2C300italic%2Cregular%2Citalic%2C600%2C600italic%2C700%2C700italic%2C800%2C800italic|font_style:600%20bold%20regular%3A600%3Anormal&#8221;][tm_spacer size=&#8221;lg:60&#8243;][vc_custom_heading text=&#8221;\u2022 Figyelemzavar \u2022 ADHD, ADD \u2022 Tanul\u00e1si zavarok: Diszlexia, Diszgr\u00e1fia, Diszkalkulia \u2022 Tehets\u00e9g optimaliz\u00e1l\u00e1s&#8221; font_container=&#8221;tag:h4|font_size:16|text_align:left|color:%23ffffff|line_height:3&#8243; google_fonts=&#8221;font_family:Open%20Sans%3A300%2C300italic%2Cregular%2Citalic%2C600%2C600italic%2C700%2C700italic%2C800%2C800italic|font_style:400%20regular%3A400%3Anormal&#8221;][tm_spacer size=&#8221;lg:50&#8243;][\/vc_column][vc_column width=&#8221;1\/2&#8243;][tm_spacer size=&#8221;lg:40&#8243;][vc_single_image image=&#8221;53&#8243; img_size=&#8221;large&#8221; alignment=&#8221;center&#8221;][tm_spacer size=&#8221;lg:40&#8243;][\/vc_column][\/vc_row][vc_row full_width=&#8221;stretch_row&#8221; content_placement=&#8221;middle&#8221; background_color=&#8221;custom&#8221; custom_background_color=&#8221;#0099cc&#8221;][vc_column width=&#8221;1\/2&#8243;][tm_spacer size=&#8221;lg:60&#8243;][vc_custom_heading text=&#8221;\u2022 Viselked\u00e9si [&hellip;]\" \/>\n<meta property=\"og:url\" content=\"https:\/\/turbotanoda.hu\/en\/neurofeedback\/\" \/>\n<meta property=\"og:site_name\" content=\"Turbo Tanoda\" \/>\n<meta property=\"article:modified_time\" content=\"2018-05-16T20:13:34+00:00\" \/>\n<meta name=\"twitter:card\" content=\"summary_large_image\" \/>\n<meta name=\"twitter:label1\" content=\"Est. reading time\" \/>\n\t<meta name=\"twitter:data1\" content=\"4 minutes\" \/>\n<script type=\"application\/ld+json\" class=\"yoast-schema-graph\">{\"@context\":\"https:\\\/\\\/schema.org\",\"@graph\":[{\"@type\":\"WebPage\",\"@id\":\"https:\\\/\\\/turbotanoda.hu\\\/neurofeedback\\\/\",\"url\":\"https:\\\/\\\/turbotanoda.hu\\\/neurofeedback\\\/\",\"name\":\"NEUROFEEDBACK - Turbo Tanoda\",\"isPartOf\":{\"@id\":\"https:\\\/\\\/turbotanoda.hu\\\/#website\"},\"datePublished\":\"2018-05-14T07:24:15+00:00\",\"dateModified\":\"2018-05-16T20:13:34+00:00\",\"breadcrumb\":{\"@id\":\"https:\\\/\\\/turbotanoda.hu\\\/neurofeedback\\\/#breadcrumb\"},\"inLanguage\":\"en-US\",\"potentialAction\":[{\"@type\":\"ReadAction\",\"target\":[\"https:\\\/\\\/turbotanoda.hu\\\/neurofeedback\\\/\"]}]},{\"@type\":\"BreadcrumbList\",\"@id\":\"https:\\\/\\\/turbotanoda.hu\\\/neurofeedback\\\/#breadcrumb\",\"itemListElement\":[{\"@type\":\"ListItem\",\"position\":1,\"name\":\"Kezd\u0151lap\",\"item\":\"https:\\\/\\\/turbotanoda.hu\\\/\"},{\"@type\":\"ListItem\",\"position\":2,\"name\":\"NEUROFEEDBACK\"}]},{\"@type\":\"WebSite\",\"@id\":\"https:\\\/\\\/turbotanoda.hu\\\/#website\",\"url\":\"https:\\\/\\\/turbotanoda.hu\\\/\",\"name\":\"Turbo Tanoda\",\"description\":\"Turbo Tanul\u00e1s\",\"potentialAction\":[{\"@type\":\"SearchAction\",\"target\":{\"@type\":\"EntryPoint\",\"urlTemplate\":\"https:\\\/\\\/turbotanoda.hu\\\/?s={search_term_string}\"},\"query-input\":{\"@type\":\"PropertyValueSpecification\",\"valueRequired\":true,\"valueName\":\"search_term_string\"}}],\"inLanguage\":\"en-US\"}]}<\/script>\n<!-- \/ Yoast SEO plugin. -->","yoast_head_json":{"title":"NEUROFEEDBACK - Turbo Tanoda","robots":{"index":"index","follow":"follow","max-snippet":"max-snippet:-1","max-image-preview":"max-image-preview:large","max-video-preview":"max-video-preview:-1"},"canonical":"https:\/\/turbotanoda.hu\/en\/neurofeedback\/","og_locale":"en_US","og_type":"article","og_title":"NEUROFEEDBACK - Turbo Tanoda","og_description":"[vc_row full_width=&#8221;stretch_row&#8221; background_color=&#8221;custom&#8221; custom_background_color=&#8221;#431b42&#8243;][vc_column][vc_custom_heading text=&#8221;Neurofeedback&#8221; font_container=&#8221;tag:h3|text_align:center|color:%23ffffff&#8221; google_fonts=&#8221;font_family:Open%20Sans%3A300%2C300italic%2Cregular%2Citalic%2C600%2C600italic%2C700%2C700italic%2C800%2C800italic|font_style:600%20bold%20regular%3A600%3Anormal&#8221; css=&#8221;.vc_custom_1526501601364{padding-top: 40px !important;padding-bottom: 40px !important;}&#8221;][\/vc_column][\/vc_row][vc_row full_width=&#8221;stretch_row&#8221; content_placement=&#8221;middle&#8221; background_color=&#8221;custom&#8221; custom_background_color=&#8221;#ff3399&#8243; el_id=&#8221;ajanljuk&#8221;][vc_column width=&#8221;1\/2&#8243;][tm_spacer size=&#8221;lg:40&#8243;][vc_custom_heading text=&#8221;MIRE AJ\u00c1NLJUK?&#8221; font_container=&#8221;tag:h4|text_align:left|color:%23ffffff&#8221; google_fonts=&#8221;font_family:Open%20Sans%3A300%2C300italic%2Cregular%2Citalic%2C600%2C600italic%2C700%2C700italic%2C800%2C800italic|font_style:600%20bold%20regular%3A600%3Anormal&#8221;][tm_spacer size=&#8221;lg:60&#8243;][vc_custom_heading text=&#8221;\u2022 Figyelemzavar \u2022 ADHD, ADD \u2022 Tanul\u00e1si zavarok: Diszlexia, Diszgr\u00e1fia, Diszkalkulia \u2022 Tehets\u00e9g optimaliz\u00e1l\u00e1s&#8221; font_container=&#8221;tag:h4|font_size:16|text_align:left|color:%23ffffff|line_height:3&#8243; google_fonts=&#8221;font_family:Open%20Sans%3A300%2C300italic%2Cregular%2Citalic%2C600%2C600italic%2C700%2C700italic%2C800%2C800italic|font_style:400%20regular%3A400%3Anormal&#8221;][tm_spacer size=&#8221;lg:50&#8243;][\/vc_column][vc_column width=&#8221;1\/2&#8243;][tm_spacer size=&#8221;lg:40&#8243;][vc_single_image image=&#8221;53&#8243; img_size=&#8221;large&#8221; alignment=&#8221;center&#8221;][tm_spacer size=&#8221;lg:40&#8243;][\/vc_column][\/vc_row][vc_row full_width=&#8221;stretch_row&#8221; content_placement=&#8221;middle&#8221; background_color=&#8221;custom&#8221; custom_background_color=&#8221;#0099cc&#8221;][vc_column width=&#8221;1\/2&#8243;][tm_spacer size=&#8221;lg:60&#8243;][vc_custom_heading text=&#8221;\u2022 Viselked\u00e9si [&hellip;]","og_url":"https:\/\/turbotanoda.hu\/en\/neurofeedback\/","og_site_name":"Turbo Tanoda","article_modified_time":"2018-05-16T20:13:34+00:00","twitter_card":"summary_large_image","twitter_misc":{"Est. reading time":"4 minutes"},"schema":{"@context":"https:\/\/schema.org","@graph":[{"@type":"WebPage","@id":"https:\/\/turbotanoda.hu\/neurofeedback\/","url":"https:\/\/turbotanoda.hu\/neurofeedback\/","name":"NEUROFEEDBACK - Turbo Tanoda","isPartOf":{"@id":"https:\/\/turbotanoda.hu\/#website"},"datePublished":"2018-05-14T07:24:15+00:00","dateModified":"2018-05-16T20:13:34+00:00","breadcrumb":{"@id":"https:\/\/turbotanoda.hu\/neurofeedback\/#breadcrumb"},"inLanguage":"en-US","potentialAction":[{"@type":"ReadAction","target":["https:\/\/turbotanoda.hu\/neurofeedback\/"]}]},{"@type":"BreadcrumbList","@id":"https:\/\/turbotanoda.hu\/neurofeedback\/#breadcrumb","itemListElement":[{"@type":"ListItem","position":1,"name":"Kezd\u0151lap","item":"https:\/\/turbotanoda.hu\/"},{"@type":"ListItem","position":2,"name":"NEUROFEEDBACK"}]},{"@type":"WebSite","@id":"https:\/\/turbotanoda.hu\/#website","url":"https:\/\/turbotanoda.hu\/","name":"Turbo Tanoda","description":"Turbo Tanul\u00e1s","potentialAction":[{"@type":"SearchAction","target":{"@type":"EntryPoint","urlTemplate":"https:\/\/turbotanoda.hu\/?s={search_term_string}"},"query-input":{"@type":"PropertyValueSpecification","valueRequired":true,"valueName":"search_term_string"}}],"inLanguage":"en-US"}]}},"_links":{"self":[{"href":"https:\/\/turbotanoda.hu\/en\/wp-json\/wp\/v2\/pages\/130","targetHints":{"allow":["GET"]}}],"collection":[{"href":"https:\/\/turbotanoda.hu\/en\/wp-json\/wp\/v2\/pages"}],"about":[{"href":"https:\/\/turbotanoda.hu\/en\/wp-json\/wp\/v2\/types\/page"}],"author":[{"embeddable":true,"href":"https:\/\/turbotanoda.hu\/en\/wp-json\/wp\/v2\/users\/5"}],"replies":[{"embeddable":true,"href":"https:\/\/turbotanoda.hu\/en\/wp-json\/wp\/v2\/comments?post=130"}],"version-history":[{"count":4,"href":"https:\/\/turbotanoda.hu\/en\/wp-json\/wp\/v2\/pages\/130\/revisions"}],"predecessor-version":[{"id":529,"href":"https:\/\/turbotanoda.hu\/en\/wp-json\/wp\/v2\/pages\/130\/revisions\/529"}],"wp:attachment":[{"href":"https:\/\/turbotanoda.hu\/en\/wp-json\/wp\/v2\/media?parent=130"}],"curies":[{"name":"wp","href":"https:\/\/api.w.org\/{rel}","templated":true}]}}