{"id":1723,"date":"2022-09-11T15:07:13","date_gmt":"2022-09-11T15:07:13","guid":{"rendered":"https:\/\/turbotanoda.hu\/?page_id=1723"},"modified":"2026-01-03T13:18:15","modified_gmt":"2026-01-03T13:18:15","slug":"terapias-fejlesztesek","status":"publish","type":"page","link":"https:\/\/turbotanoda.hu\/en\/terapias-fejlesztesek\/","title":{"rendered":"Therapy development"},"content":{"rendered":"<div data-elementor-type=\"wp-page\" data-elementor-id=\"1723\" class=\"elementor elementor-1723\" data-elementor-post-type=\"page\">\n\t\t\t\t\t\t<section class=\"elementor-section elementor-top-section elementor-element elementor-element-b53af94 elementor-section-boxed elementor-section-height-default elementor-section-height-default\" data-id=\"b53af94\" data-element_type=\"section\" data-e-type=\"section\">\n\t\t\t\t\t\t<div class=\"elementor-container elementor-column-gap-default\">\n\t\t\t\t\t<div class=\"elementor-column elementor-col-100 elementor-top-column elementor-element elementor-element-593041f\" data-id=\"593041f\" data-element_type=\"column\" data-e-type=\"column\">\n\t\t\t<div class=\"elementor-widget-wrap\">\n\t\t\t\t\t\t\t<\/div>\n\t\t<\/div>\n\t\t\t\t\t<\/div>\n\t\t<\/section>\n\t\t\t\t<section class=\"elementor-section elementor-top-section elementor-element elementor-element-0368d51 elementor-hidden-desktop elementor-hidden-tablet elementor-section-boxed elementor-section-height-default elementor-section-height-default\" data-id=\"0368d51\" data-element_type=\"section\" data-e-type=\"section\">\n\t\t\t\t\t\t<div class=\"elementor-container elementor-column-gap-default\">\n\t\t\t\t\t<div class=\"elementor-column elementor-col-100 elementor-top-column elementor-element elementor-element-a568327\" data-id=\"a568327\" data-element_type=\"column\" data-e-type=\"column\">\n\t\t\t<div class=\"elementor-widget-wrap elementor-element-populated\">\n\t\t\t\t\t\t<div class=\"elementor-element elementor-element-d13fa0e elementor-widget elementor-widget-image\" data-id=\"d13fa0e\" data-element_type=\"widget\" data-e-type=\"widget\" data-widget_type=\"image.default\">\n\t\t\t\t<div class=\"elementor-widget-container\">\n\t\t\t\t\t\t\t\t\t\t\t\t\t\t\t<img fetchpriority=\"high\" decoding=\"async\" width=\"1024\" height=\"682\" src=\"https:\/\/turbotanoda.hu\/wp-content\/uploads\/2022\/06\/kulonlegessegeink-5.jpg\" class=\"attachment-full size-full wp-image-1527\" alt=\"\" srcset=\"https:\/\/turbotanoda.hu\/wp-content\/uploads\/2022\/06\/kulonlegessegeink-5.jpg 1024w, https:\/\/turbotanoda.hu\/wp-content\/uploads\/2022\/06\/kulonlegessegeink-5-300x200.jpg 300w, https:\/\/turbotanoda.hu\/wp-content\/uploads\/2022\/06\/kulonlegessegeink-5-768x512.jpg 768w\" sizes=\"(max-width: 1024px) 100vw, 1024px\" \/>\t\t\t\t\t\t\t\t\t\t\t\t\t\t\t<\/div>\n\t\t\t\t<\/div>\n\t\t\t\t\t<\/div>\n\t\t<\/div>\n\t\t\t\t\t<\/div>\n\t\t<\/section>\n\t\t\t\t<section class=\"elementor-section elementor-top-section elementor-element elementor-element-96c0f07 elementor-section-boxed elementor-section-height-default elementor-section-height-default\" data-id=\"96c0f07\" data-element_type=\"section\" data-e-type=\"section\">\n\t\t\t\t\t\t<div class=\"elementor-container elementor-column-gap-default\">\n\t\t\t\t\t<div class=\"elementor-column elementor-col-100 elementor-top-column elementor-element elementor-element-7a404a5\" data-id=\"7a404a5\" data-element_type=\"column\" data-e-type=\"column\">\n\t\t\t<div class=\"elementor-widget-wrap elementor-element-populated\">\n\t\t\t\t\t\t<div class=\"elementor-element elementor-element-52afd7b elementor-invisible elementor-widget elementor-widget-heading\" data-id=\"52afd7b\" data-element_type=\"widget\" data-e-type=\"widget\" data-settings=\"{&quot;_animation&quot;:&quot;fadeInRight&quot;}\" data-widget_type=\"heading.default\">\n\t\t\t\t<div class=\"elementor-widget-container\">\n\t\t\t\t\t<h2 class=\"elementor-heading-title elementor-size-default\">Therapies\n<\/h2>\t\t\t\t<\/div>\n\t\t\t\t<\/div>\n\t\t\t\t\t<\/div>\n\t\t<\/div>\n\t\t\t\t\t<\/div>\n\t\t<\/section>\n\t\t\t\t<section class=\"elementor-section elementor-top-section elementor-element elementor-element-fdd5aa8 elementor-section-boxed elementor-section-height-default elementor-section-height-default\" data-id=\"fdd5aa8\" data-element_type=\"section\" data-e-type=\"section\" data-settings=\"{&quot;background_background&quot;:&quot;classic&quot;}\">\n\t\t\t\t\t\t\t<div class=\"elementor-background-overlay\"><\/div>\n\t\t\t\t\t\t\t<div class=\"elementor-container elementor-column-gap-default\">\n\t\t\t\t\t<div class=\"elementor-column elementor-col-50 elementor-top-column elementor-element elementor-element-77a0a1c elementor-invisible\" data-id=\"77a0a1c\" data-element_type=\"column\" data-e-type=\"column\" data-settings=\"{&quot;animation&quot;:&quot;bounceInRight&quot;}\">\n\t\t\t<div class=\"elementor-widget-wrap elementor-element-populated\">\n\t\t\t\t\t\t<div class=\"elementor-element elementor-element-d819b3f elementor-invisible elementor-widget elementor-widget-text-editor\" data-id=\"d819b3f\" data-element_type=\"widget\" data-e-type=\"widget\" data-settings=\"{&quot;_animation&quot;:&quot;fadeInLeft&quot;}\" data-widget_type=\"text-editor.default\">\n\t\t\t\t<div class=\"elementor-widget-container\">\n\t\t\t\t\t\t\t\t\t<ul><li>Attention deficit<\/li><li>ADHD, ADD<\/li><li>TSMT<\/li><li>Learning disability: Dyslexia, Dysgraphia, Dyscalculia<\/li><li>Talent optimization<\/li><li>Sindelar Therapy<\/li><li>Behavioural problems<\/li><li>Anxiety<\/li><li>Autism spectrum disorder<\/li><\/ul>\t\t\t\t\t\t\t\t<\/div>\n\t\t\t\t<\/div>\n\t\t\t\t\t<\/div>\n\t\t<\/div>\n\t\t\t\t<div class=\"elementor-column elementor-col-50 elementor-top-column elementor-element elementor-element-96b5503 elementor-hidden-mobile elementor-invisible\" data-id=\"96b5503\" data-element_type=\"column\" data-e-type=\"column\" data-settings=\"{&quot;animation&quot;:&quot;bounceIn&quot;}\">\n\t\t\t<div class=\"elementor-widget-wrap elementor-element-populated\">\n\t\t\t\t\t\t<div class=\"elementor-element elementor-element-2ada24c elementor-hidden-mobile elementor-widget elementor-widget-image\" data-id=\"2ada24c\" data-element_type=\"widget\" data-e-type=\"widget\" data-widget_type=\"image.default\">\n\t\t\t\t<div class=\"elementor-widget-container\">\n\t\t\t\t\t\t\t\t\t\t\t\t\t\t\t<img fetchpriority=\"high\" decoding=\"async\" width=\"1024\" height=\"682\" src=\"https:\/\/turbotanoda.hu\/wp-content\/uploads\/2022\/06\/kulonlegessegeink-5.jpg\" class=\"attachment-full size-full wp-image-1527\" alt=\"\" srcset=\"https:\/\/turbotanoda.hu\/wp-content\/uploads\/2022\/06\/kulonlegessegeink-5.jpg 1024w, https:\/\/turbotanoda.hu\/wp-content\/uploads\/2022\/06\/kulonlegessegeink-5-300x200.jpg 300w, https:\/\/turbotanoda.hu\/wp-content\/uploads\/2022\/06\/kulonlegessegeink-5-768x512.jpg 768w\" sizes=\"(max-width: 1024px) 100vw, 1024px\" \/>\t\t\t\t\t\t\t\t\t\t\t\t\t\t\t<\/div>\n\t\t\t\t<\/div>\n\t\t\t\t\t<\/div>\n\t\t<\/div>\n\t\t\t\t\t<\/div>\n\t\t<\/section>\n\t\t\t\t<\/div>","protected":false},"excerpt":{"rendered":"<p>Ter\u00e1pi\u00e1k Figyelemzavar ADHD, ADD TSMT Tanul\u00e1si zavarok: Diszlexia, Diszgr\u00e1fia, Diszkalkulia Tehets\u00e9g optimaliz\u00e1l\u00e1s Sindelar ter\u00e1pia Viselked\u00e9si probl\u00e9m\u00e1k Szorong\u00e1s Autizmus Spektrumzavar<\/p>","protected":false},"author":5,"featured_media":0,"parent":0,"menu_order":0,"comment_status":"closed","ping_status":"closed","template":"elementor_header_footer","meta":{"footnotes":""},"class_list":["post-1723","page","type-page","status-publish","hentry"],"yoast_head":"<!-- This site is optimized with the Yoast SEO plugin v27.3 - https:\/\/yoast.com\/product\/yoast-seo-wordpress\/ -->\n<title>Ter\u00e1pi\u00e1s Fejleszt\u00e9sek ADHD, Diszlexia, Autizmus | Turbotanoda<\/title>\n<meta name=\"description\" content=\"Ter\u00e1pi\u00e1s fejleszt\u00e9sek Budapesten a Turbotanod\u00e1ban: ADHD, ADD, figyelemzavar, diszlexia, diszgr\u00e1fia, diszkalkulia, autizmus spektrumzavar. TSMT, Sindelar ter\u00e1pia, viselked\u00e9si probl\u00e9m\u00e1k kezel\u00e9se.\" \/>\n<meta name=\"robots\" content=\"index, follow, max-snippet:-1, max-image-preview:large, max-video-preview:-1\" \/>\n<link rel=\"canonical\" href=\"https:\/\/turbotanoda.hu\/en\/terapias-fejlesztesek\/\" \/>\n<meta property=\"og:locale\" content=\"en_US\" \/>\n<meta property=\"og:type\" content=\"article\" \/>\n<meta property=\"og:title\" content=\"Ter\u00e1pi\u00e1s Fejleszt\u00e9sek ADHD, Diszlexia, Autizmus | Turbotanoda\" \/>\n<meta property=\"og:description\" content=\"Ter\u00e1pi\u00e1s fejleszt\u00e9sek Budapesten a Turbotanod\u00e1ban: ADHD, ADD, figyelemzavar, diszlexia, diszgr\u00e1fia, diszkalkulia, autizmus spektrumzavar. TSMT, Sindelar ter\u00e1pia, viselked\u00e9si probl\u00e9m\u00e1k kezel\u00e9se.\" \/>\n<meta property=\"og:url\" content=\"https:\/\/turbotanoda.hu\/en\/terapias-fejlesztesek\/\" \/>\n<meta property=\"og:site_name\" content=\"Turbo Tanoda\" \/>\n<meta property=\"article:modified_time\" content=\"2026-01-03T13:18:15+00:00\" \/>\n<meta property=\"og:image\" content=\"https:\/\/turbotanoda.hu\/wp-content\/uploads\/2022\/06\/kulonlegessegeink-5.jpg\" \/>\n<meta name=\"twitter:card\" content=\"summary_large_image\" \/>\n<meta name=\"twitter:label1\" content=\"Est. reading time\" \/>\n\t<meta name=\"twitter:data1\" content=\"1 minute\" \/>\n<script type=\"application\/ld+json\" class=\"yoast-schema-graph\">{\"@context\":\"https:\\\/\\\/schema.org\",\"@graph\":[{\"@type\":\"WebPage\",\"@id\":\"https:\\\/\\\/turbotanoda.hu\\\/terapias-fejlesztesek\\\/\",\"url\":\"https:\\\/\\\/turbotanoda.hu\\\/terapias-fejlesztesek\\\/\",\"name\":\"Ter\u00e1pi\u00e1s Fejleszt\u00e9sek ADHD, Diszlexia, Autizmus | Turbotanoda\",\"isPartOf\":{\"@id\":\"https:\\\/\\\/turbotanoda.hu\\\/#website\"},\"primaryImageOfPage\":{\"@id\":\"https:\\\/\\\/turbotanoda.hu\\\/terapias-fejlesztesek\\\/#primaryimage\"},\"image\":{\"@id\":\"https:\\\/\\\/turbotanoda.hu\\\/terapias-fejlesztesek\\\/#primaryimage\"},\"thumbnailUrl\":\"https:\\\/\\\/turbotanoda.hu\\\/wp-content\\\/uploads\\\/2022\\\/06\\\/kulonlegessegeink-5.jpg\",\"datePublished\":\"2022-09-11T15:07:13+00:00\",\"dateModified\":\"2026-01-03T13:18:15+00:00\",\"description\":\"Ter\u00e1pi\u00e1s fejleszt\u00e9sek Budapesten a Turbotanod\u00e1ban: ADHD, ADD, figyelemzavar, diszlexia, diszgr\u00e1fia, diszkalkulia, autizmus spektrumzavar. TSMT, Sindelar ter\u00e1pia, viselked\u00e9si probl\u00e9m\u00e1k kezel\u00e9se.\",\"breadcrumb\":{\"@id\":\"https:\\\/\\\/turbotanoda.hu\\\/terapias-fejlesztesek\\\/#breadcrumb\"},\"inLanguage\":\"en-US\",\"potentialAction\":[{\"@type\":\"ReadAction\",\"target\":[\"https:\\\/\\\/turbotanoda.hu\\\/terapias-fejlesztesek\\\/\"]}]},{\"@type\":\"ImageObject\",\"inLanguage\":\"en-US\",\"@id\":\"https:\\\/\\\/turbotanoda.hu\\\/terapias-fejlesztesek\\\/#primaryimage\",\"url\":\"https:\\\/\\\/turbotanoda.hu\\\/wp-content\\\/uploads\\\/2022\\\/06\\\/kulonlegessegeink-5.jpg\",\"contentUrl\":\"https:\\\/\\\/turbotanoda.hu\\\/wp-content\\\/uploads\\\/2022\\\/06\\\/kulonlegessegeink-5.jpg\"},{\"@type\":\"BreadcrumbList\",\"@id\":\"https:\\\/\\\/turbotanoda.hu\\\/terapias-fejlesztesek\\\/#breadcrumb\",\"itemListElement\":[{\"@type\":\"ListItem\",\"position\":1,\"name\":\"Kezd\u0151lap\",\"item\":\"https:\\\/\\\/turbotanoda.hu\\\/\"},{\"@type\":\"ListItem\",\"position\":2,\"name\":\"Ter\u00e1pi\u00e1s fejleszt\u00e9sek\"}]},{\"@type\":\"WebSite\",\"@id\":\"https:\\\/\\\/turbotanoda.hu\\\/#website\",\"url\":\"https:\\\/\\\/turbotanoda.hu\\\/\",\"name\":\"Turbo Tanoda\",\"description\":\"Turbo Tanul\u00e1s\",\"potentialAction\":[{\"@type\":\"SearchAction\",\"target\":{\"@type\":\"EntryPoint\",\"urlTemplate\":\"https:\\\/\\\/turbotanoda.hu\\\/?s={search_term_string}\"},\"query-input\":{\"@type\":\"PropertyValueSpecification\",\"valueRequired\":true,\"valueName\":\"search_term_string\"}}],\"inLanguage\":\"en-US\"}]}<\/script>\n<!-- \/ Yoast SEO plugin. -->","yoast_head_json":{"title":"Ter\u00e1pi\u00e1s Fejleszt\u00e9sek ADHD, Diszlexia, Autizmus | Turbotanoda","description":"Ter\u00e1pi\u00e1s fejleszt\u00e9sek Budapesten a Turbotanod\u00e1ban: ADHD, ADD, figyelemzavar, diszlexia, diszgr\u00e1fia, diszkalkulia, autizmus spektrumzavar. TSMT, Sindelar ter\u00e1pia, viselked\u00e9si probl\u00e9m\u00e1k kezel\u00e9se.","robots":{"index":"index","follow":"follow","max-snippet":"max-snippet:-1","max-image-preview":"max-image-preview:large","max-video-preview":"max-video-preview:-1"},"canonical":"https:\/\/turbotanoda.hu\/en\/terapias-fejlesztesek\/","og_locale":"en_US","og_type":"article","og_title":"Ter\u00e1pi\u00e1s Fejleszt\u00e9sek ADHD, Diszlexia, Autizmus | Turbotanoda","og_description":"Ter\u00e1pi\u00e1s fejleszt\u00e9sek Budapesten a Turbotanod\u00e1ban: ADHD, ADD, figyelemzavar, diszlexia, diszgr\u00e1fia, diszkalkulia, autizmus spektrumzavar. TSMT, Sindelar ter\u00e1pia, viselked\u00e9si probl\u00e9m\u00e1k kezel\u00e9se.","og_url":"https:\/\/turbotanoda.hu\/en\/terapias-fejlesztesek\/","og_site_name":"Turbo Tanoda","article_modified_time":"2026-01-03T13:18:15+00:00","og_image":[{"url":"https:\/\/turbotanoda.hu\/wp-content\/uploads\/2022\/06\/kulonlegessegeink-5.jpg","type":"","width":"","height":""}],"twitter_card":"summary_large_image","twitter_misc":{"Est. reading time":"1 minute"},"schema":{"@context":"https:\/\/schema.org","@graph":[{"@type":"WebPage","@id":"https:\/\/turbotanoda.hu\/terapias-fejlesztesek\/","url":"https:\/\/turbotanoda.hu\/terapias-fejlesztesek\/","name":"Ter\u00e1pi\u00e1s Fejleszt\u00e9sek ADHD, Diszlexia, Autizmus | Turbotanoda","isPartOf":{"@id":"https:\/\/turbotanoda.hu\/#website"},"primaryImageOfPage":{"@id":"https:\/\/turbotanoda.hu\/terapias-fejlesztesek\/#primaryimage"},"image":{"@id":"https:\/\/turbotanoda.hu\/terapias-fejlesztesek\/#primaryimage"},"thumbnailUrl":"https:\/\/turbotanoda.hu\/wp-content\/uploads\/2022\/06\/kulonlegessegeink-5.jpg","datePublished":"2022-09-11T15:07:13+00:00","dateModified":"2026-01-03T13:18:15+00:00","description":"Ter\u00e1pi\u00e1s fejleszt\u00e9sek Budapesten a Turbotanod\u00e1ban: ADHD, ADD, figyelemzavar, diszlexia, diszgr\u00e1fia, diszkalkulia, autizmus spektrumzavar. TSMT, Sindelar ter\u00e1pia, viselked\u00e9si probl\u00e9m\u00e1k kezel\u00e9se.","breadcrumb":{"@id":"https:\/\/turbotanoda.hu\/terapias-fejlesztesek\/#breadcrumb"},"inLanguage":"en-US","potentialAction":[{"@type":"ReadAction","target":["https:\/\/turbotanoda.hu\/terapias-fejlesztesek\/"]}]},{"@type":"ImageObject","inLanguage":"en-US","@id":"https:\/\/turbotanoda.hu\/terapias-fejlesztesek\/#primaryimage","url":"https:\/\/turbotanoda.hu\/wp-content\/uploads\/2022\/06\/kulonlegessegeink-5.jpg","contentUrl":"https:\/\/turbotanoda.hu\/wp-content\/uploads\/2022\/06\/kulonlegessegeink-5.jpg"},{"@type":"BreadcrumbList","@id":"https:\/\/turbotanoda.hu\/terapias-fejlesztesek\/#breadcrumb","itemListElement":[{"@type":"ListItem","position":1,"name":"Kezd\u0151lap","item":"https:\/\/turbotanoda.hu\/"},{"@type":"ListItem","position":2,"name":"Ter\u00e1pi\u00e1s fejleszt\u00e9sek"}]},{"@type":"WebSite","@id":"https:\/\/turbotanoda.hu\/#website","url":"https:\/\/turbotanoda.hu\/","name":"Turbo Tanoda","description":"Turbo Tanul\u00e1s","potentialAction":[{"@type":"SearchAction","target":{"@type":"EntryPoint","urlTemplate":"https:\/\/turbotanoda.hu\/?s={search_term_string}"},"query-input":{"@type":"PropertyValueSpecification","valueRequired":true,"valueName":"search_term_string"}}],"inLanguage":"en-US"}]}},"_links":{"self":[{"href":"https:\/\/turbotanoda.hu\/en\/wp-json\/wp\/v2\/pages\/1723","targetHints":{"allow":["GET"]}}],"collection":[{"href":"https:\/\/turbotanoda.hu\/en\/wp-json\/wp\/v2\/pages"}],"about":[{"href":"https:\/\/turbotanoda.hu\/en\/wp-json\/wp\/v2\/types\/page"}],"author":[{"embeddable":true,"href":"https:\/\/turbotanoda.hu\/en\/wp-json\/wp\/v2\/users\/5"}],"replies":[{"embeddable":true,"href":"https:\/\/turbotanoda.hu\/en\/wp-json\/wp\/v2\/comments?post=1723"}],"version-history":[{"count":6,"href":"https:\/\/turbotanoda.hu\/en\/wp-json\/wp\/v2\/pages\/1723\/revisions"}],"predecessor-version":[{"id":2245,"href":"https:\/\/turbotanoda.hu\/en\/wp-json\/wp\/v2\/pages\/1723\/revisions\/2245"}],"wp:attachment":[{"href":"https:\/\/turbotanoda.hu\/en\/wp-json\/wp\/v2\/media?parent=1723"}],"curies":[{"name":"wp","href":"https:\/\/api.w.org\/{rel}","templated":true}]}}