{"id":48,"date":"2018-05-07T11:28:33","date_gmt":"2018-05-07T11:28:33","guid":{"rendered":"http:\/\/turbotanoda.hu\/?page_id=48"},"modified":"2018-05-07T11:44:58","modified_gmt":"2018-05-07T11:44:58","slug":"turbo-suli","status":"publish","type":"page","link":"https:\/\/turbotanoda.hu\/en\/turbo-suli\/","title":{"rendered":"Turbo Suli"},"content":{"rendered":"<p>[vc_row][vc_column][vc_single_image image=&#8221;58&#8243; img_size=&#8221;medium&#8221; alignment=&#8221;center&#8221;][\/vc_column][\/vc_row][vc_row full_width=&#8221;stretch_row&#8221; background_color=&#8221;custom&#8221; custom_background_color=&#8221;#81d742&#8243;][vc_column][tm_spacer size=&#8221;lg:40&#8243;][vc_custom_heading text=&#8221;Ahol a Tudom\u00e1nyok, a Zene \u00e9s a Nyelvoktat\u00e1s Tal\u00e1lkozik:<br \/>\nMin\u0151s\u00e9gi Oktat\u00e1s Microcsoportokban&#8221; font_container=&#8221;tag:h2|text_align:left|color:%23ffffff&#8221; google_fonts=&#8221;font_family:Lato%3A100%2C100italic%2C300%2C300italic%2Cregular%2Citalic%2C700%2C700italic%2C900%2C900italic|font_style:400%20regular%3A400%3Anormal&#8221;][tm_spacer size=&#8221;lg:40&#8243;][vc_custom_heading text=&#8221;Ahol a JelenL\u00e9t a T\u00e9t<br \/>\nA Turb\u00f3 Suli egy mag\u00e1ntanul\u00f3i csoport, amelynek k\u00fcl\u00f6nlegess\u00e9ge a STEM (Science, Technology, Engineering, Mathematics), azaz a term\u00e9szettudom\u00e1nyok j\u00e1t\u00e9kos m\u00f3don t\u00f6rt\u00e9n\u0151 oktat\u00e1sa m\u00e1r 6 \u00e9ves kort\u00f3l. A gyerekek izgalmas \u00e9s gyakorlatias k\u00eds\u00e9rletek \u00fatj\u00e1n nyernek betekint\u00e9st a tudom\u00e1nyok vil\u00e1g\u00e1ba.<\/p>\n<p>A Turb\u00f3 Suli m\u00e1sik k\u00fcl\u00f6nlegess\u00e9ge a zenei intelligencia fejleszt\u00e9se, ami kihat a gyermekek \u00e9rzelmi \u00e9s \u00e1ltal\u00e1nos intelligenci\u00e1j\u00e1ra. A Budai Mag\u00e1nzeneiskol\u00e1val egy\u00fcttm\u0171k\u00f6dve, a gyermekek Hang-os foglalkoz\u00e1sokon vesznek r\u00e9szt mikrocsoportokban napi szinten.&#8221; font_container=&#8221;tag:h4|text_align:left&#8221; google_fonts=&#8221;font_family:Lato%3A100%2C100italic%2C300%2C300italic%2Cregular%2Citalic%2C700%2C700italic%2C900%2C900italic|font_style:400%20regular%3A400%3Anormal&#8221;][tm_spacer size=&#8221;lg:40&#8243;][vc_custom_heading text=&#8221;A Turb\u00f3 Suli angol nyelvoktat\u00e1st is biztos\u00edt di\u00e1kjainak anyanyelvi tan\u00e1rokt\u00f3l.<br \/>\nA Turb\u00f3 Suli min\u0151s\u00e9gi egy\u00e9nre szabott oktat\u00e1st k\u00edn\u00e1l di\u00e1kjainak. A gyerekek max. 5 f\u0151s mikrocsoportokban tanulnak reggel 8 \u00f3r\u00e1t\u00f3l 16 \u00f3r\u00e1ig, k\u00e9pess\u00e9gprofiljukra szabott differenci\u00e1l\u00e1s alapj\u00e1n. A Turb\u00f3 Suli tov\u00e1bb\u00e1 lehet\u0151s\u00e9get ny\u00fajt a tehets\u00e9gek magasszint\u0171 fejleszt\u00e9s\u00e9re a legmodernebb pedag\u00f3giai eszk\u00f6z\u00f6kkel.&#8221; font_container=&#8221;tag:h4|text_align:left|color:%23000000&#8243; google_fonts=&#8221;font_family:Cabin%3Aregular%2Citalic%2C500%2C500italic%2C600%2C600italic%2C700%2C700italic|font_style:400%20regular%3A400%3Anormal&#8221;][tm_spacer size=&#8221;lg:20&#8243;][\/vc_column][\/vc_row][vc_row full_width=&#8221;stretch_row&#8221; background_color=&#8221;custom&#8221; custom_background_color=&#8221;#1e73be&#8221;][vc_column][tm_spacer size=&#8221;lg:40&#8243;][vc_images_carousel images=&#8221;53,54,55&#8243; img_size=&#8221;full&#8221; onclick=&#8221;custom_link&#8221; slides_per_view=&#8221;3&#8243; hide_pagination_control=&#8221;yes&#8221; hide_prev_next_buttons=&#8221;yes&#8221; custom_links=&#8221;#E-8_aHR0cHMlM0ElMkYlMkZ3d3cuZmFjZWJvb2suY29tJTJGdHVyYm9zdWxpJTJG&#8221;][tm_spacer size=&#8221;lg:40&#8243;][\/vc_column][\/vc_row][vc_row][vc_column][tm_spacer size=&#8221;lg:40&#8243;][vc_custom_heading text=&#8221;K\u00f6vess minket a Facebookon&#8221; font_container=&#8221;tag:h2|text_align:center&#8221; google_fonts=&#8221;font_family:Lato%3A100%2C100italic%2C300%2C300italic%2Cregular%2Citalic%2C700%2C700italic%2C900%2C900italic|font_style:400%20regular%3A400%3Anormal&#8221; link=&#8221;url:https%3A%2F%2Fwww.facebook.com%2Fturbosuli%2F|title:Facebook%20oldalunk|target:%20_blank|&#8221;][\/vc_column][\/vc_row]<\/p>\n","protected":false},"excerpt":{"rendered":"<p>[vc_row][vc_column][vc_single_image image=&#8221;58&#8243; img_size=&#8221;medium&#8221; alignment=&#8221;center&#8221;][\/vc_column][\/vc_row][vc_row full_width=&#8221;stretch_row&#8221; background_color=&#8221;custom&#8221; custom_background_color=&#8221;#81d742&#8243;][vc_column][tm_spacer size=&#8221;lg:40&#8243;][vc_custom_heading text=&#8221;Ahol a Tudom\u00e1nyok, a Zene \u00e9s a Nyelvoktat\u00e1s Tal\u00e1lkozik: Min\u0151s\u00e9gi Oktat\u00e1s Microcsoportokban&#8221; font_container=&#8221;tag:h2|text_align:left|color:%23ffffff&#8221; google_fonts=&#8221;font_family:Lato%3A100%2C100italic%2C300%2C300italic%2Cregular%2Citalic%2C700%2C700italic%2C900%2C900italic|font_style:400%20regular%3A400%3Anormal&#8221;][tm_spacer size=&#8221;lg:40&#8243;][vc_custom_heading text=&#8221;Ahol a JelenL\u00e9t a T\u00e9t A Turb\u00f3 Suli egy mag\u00e1ntanul\u00f3i csoport, amelynek k\u00fcl\u00f6nlegess\u00e9ge a STEM (Science, Technology, Engineering, Mathematics), azaz a term\u00e9szettudom\u00e1nyok j\u00e1t\u00e9kos m\u00f3don t\u00f6rt\u00e9n\u0151 oktat\u00e1sa m\u00e1r 6 \u00e9ves kort\u00f3l. A gyerekek [&hellip;]<\/p>\n","protected":false},"author":5,"featured_media":0,"parent":0,"menu_order":0,"comment_status":"closed","ping_status":"closed","template":"","meta":{"footnotes":""},"class_list":["post-48","page","type-page","status-publish","hentry"],"yoast_head":"<!-- This site is optimized with the Yoast SEO plugin v27.3 - https:\/\/yoast.com\/product\/yoast-seo-wordpress\/ -->\n<title>Turbo Suli - Turbo Tanoda<\/title>\n<meta name=\"robots\" content=\"index, follow, max-snippet:-1, max-image-preview:large, max-video-preview:-1\" \/>\n<link rel=\"canonical\" href=\"https:\/\/turbotanoda.hu\/en\/turbo-suli\/\" \/>\n<meta property=\"og:locale\" content=\"en_US\" \/>\n<meta property=\"og:type\" content=\"article\" \/>\n<meta property=\"og:title\" content=\"Turbo Suli - Turbo Tanoda\" \/>\n<meta property=\"og:description\" content=\"[vc_row][vc_column][vc_single_image image=&#8221;58&#8243; img_size=&#8221;medium&#8221; alignment=&#8221;center&#8221;][\/vc_column][\/vc_row][vc_row full_width=&#8221;stretch_row&#8221; background_color=&#8221;custom&#8221; custom_background_color=&#8221;#81d742&#8243;][vc_column][tm_spacer size=&#8221;lg:40&#8243;][vc_custom_heading text=&#8221;Ahol a Tudom\u00e1nyok, a Zene \u00e9s a Nyelvoktat\u00e1s Tal\u00e1lkozik: Min\u0151s\u00e9gi Oktat\u00e1s Microcsoportokban&#8221; font_container=&#8221;tag:h2|text_align:left|color:%23ffffff&#8221; google_fonts=&#8221;font_family:Lato%3A100%2C100italic%2C300%2C300italic%2Cregular%2Citalic%2C700%2C700italic%2C900%2C900italic|font_style:400%20regular%3A400%3Anormal&#8221;][tm_spacer size=&#8221;lg:40&#8243;][vc_custom_heading text=&#8221;Ahol a JelenL\u00e9t a T\u00e9t A Turb\u00f3 Suli egy mag\u00e1ntanul\u00f3i csoport, amelynek k\u00fcl\u00f6nlegess\u00e9ge a STEM (Science, Technology, Engineering, Mathematics), azaz a term\u00e9szettudom\u00e1nyok j\u00e1t\u00e9kos m\u00f3don t\u00f6rt\u00e9n\u0151 oktat\u00e1sa m\u00e1r 6 \u00e9ves kort\u00f3l. A gyerekek [&hellip;]\" \/>\n<meta property=\"og:url\" content=\"https:\/\/turbotanoda.hu\/en\/turbo-suli\/\" \/>\n<meta property=\"og:site_name\" content=\"Turbo Tanoda\" \/>\n<meta property=\"article:modified_time\" content=\"2018-05-07T11:44:58+00:00\" \/>\n<meta name=\"twitter:card\" content=\"summary_large_image\" \/>\n<meta name=\"twitter:label1\" content=\"Est. reading time\" \/>\n\t<meta name=\"twitter:data1\" content=\"2 minutes\" \/>\n<script type=\"application\/ld+json\" class=\"yoast-schema-graph\">{\"@context\":\"https:\\\/\\\/schema.org\",\"@graph\":[{\"@type\":\"WebPage\",\"@id\":\"https:\\\/\\\/turbotanoda.hu\\\/turbo-suli\\\/\",\"url\":\"https:\\\/\\\/turbotanoda.hu\\\/turbo-suli\\\/\",\"name\":\"Turbo Suli - Turbo Tanoda\",\"isPartOf\":{\"@id\":\"https:\\\/\\\/turbotanoda.hu\\\/#website\"},\"datePublished\":\"2018-05-07T11:28:33+00:00\",\"dateModified\":\"2018-05-07T11:44:58+00:00\",\"breadcrumb\":{\"@id\":\"https:\\\/\\\/turbotanoda.hu\\\/turbo-suli\\\/#breadcrumb\"},\"inLanguage\":\"en-US\",\"potentialAction\":[{\"@type\":\"ReadAction\",\"target\":[\"https:\\\/\\\/turbotanoda.hu\\\/turbo-suli\\\/\"]}]},{\"@type\":\"BreadcrumbList\",\"@id\":\"https:\\\/\\\/turbotanoda.hu\\\/turbo-suli\\\/#breadcrumb\",\"itemListElement\":[{\"@type\":\"ListItem\",\"position\":1,\"name\":\"Kezd\u0151lap\",\"item\":\"https:\\\/\\\/turbotanoda.hu\\\/\"},{\"@type\":\"ListItem\",\"position\":2,\"name\":\"Turbo Suli\"}]},{\"@type\":\"WebSite\",\"@id\":\"https:\\\/\\\/turbotanoda.hu\\\/#website\",\"url\":\"https:\\\/\\\/turbotanoda.hu\\\/\",\"name\":\"Turbo Tanoda\",\"description\":\"Turbo Tanul\u00e1s\",\"potentialAction\":[{\"@type\":\"SearchAction\",\"target\":{\"@type\":\"EntryPoint\",\"urlTemplate\":\"https:\\\/\\\/turbotanoda.hu\\\/?s={search_term_string}\"},\"query-input\":{\"@type\":\"PropertyValueSpecification\",\"valueRequired\":true,\"valueName\":\"search_term_string\"}}],\"inLanguage\":\"en-US\"}]}<\/script>\n<!-- \/ Yoast SEO plugin. -->","yoast_head_json":{"title":"Turbo Suli - Turbo Tanoda","robots":{"index":"index","follow":"follow","max-snippet":"max-snippet:-1","max-image-preview":"max-image-preview:large","max-video-preview":"max-video-preview:-1"},"canonical":"https:\/\/turbotanoda.hu\/en\/turbo-suli\/","og_locale":"en_US","og_type":"article","og_title":"Turbo Suli - Turbo Tanoda","og_description":"[vc_row][vc_column][vc_single_image image=&#8221;58&#8243; img_size=&#8221;medium&#8221; alignment=&#8221;center&#8221;][\/vc_column][\/vc_row][vc_row full_width=&#8221;stretch_row&#8221; background_color=&#8221;custom&#8221; custom_background_color=&#8221;#81d742&#8243;][vc_column][tm_spacer size=&#8221;lg:40&#8243;][vc_custom_heading text=&#8221;Ahol a Tudom\u00e1nyok, a Zene \u00e9s a Nyelvoktat\u00e1s Tal\u00e1lkozik: Min\u0151s\u00e9gi Oktat\u00e1s Microcsoportokban&#8221; font_container=&#8221;tag:h2|text_align:left|color:%23ffffff&#8221; google_fonts=&#8221;font_family:Lato%3A100%2C100italic%2C300%2C300italic%2Cregular%2Citalic%2C700%2C700italic%2C900%2C900italic|font_style:400%20regular%3A400%3Anormal&#8221;][tm_spacer size=&#8221;lg:40&#8243;][vc_custom_heading text=&#8221;Ahol a JelenL\u00e9t a T\u00e9t A Turb\u00f3 Suli egy mag\u00e1ntanul\u00f3i csoport, amelynek k\u00fcl\u00f6nlegess\u00e9ge a STEM (Science, Technology, Engineering, Mathematics), azaz a term\u00e9szettudom\u00e1nyok j\u00e1t\u00e9kos m\u00f3don t\u00f6rt\u00e9n\u0151 oktat\u00e1sa m\u00e1r 6 \u00e9ves kort\u00f3l. A gyerekek [&hellip;]","og_url":"https:\/\/turbotanoda.hu\/en\/turbo-suli\/","og_site_name":"Turbo Tanoda","article_modified_time":"2018-05-07T11:44:58+00:00","twitter_card":"summary_large_image","twitter_misc":{"Est. reading time":"2 minutes"},"schema":{"@context":"https:\/\/schema.org","@graph":[{"@type":"WebPage","@id":"https:\/\/turbotanoda.hu\/turbo-suli\/","url":"https:\/\/turbotanoda.hu\/turbo-suli\/","name":"Turbo Suli - Turbo Tanoda","isPartOf":{"@id":"https:\/\/turbotanoda.hu\/#website"},"datePublished":"2018-05-07T11:28:33+00:00","dateModified":"2018-05-07T11:44:58+00:00","breadcrumb":{"@id":"https:\/\/turbotanoda.hu\/turbo-suli\/#breadcrumb"},"inLanguage":"en-US","potentialAction":[{"@type":"ReadAction","target":["https:\/\/turbotanoda.hu\/turbo-suli\/"]}]},{"@type":"BreadcrumbList","@id":"https:\/\/turbotanoda.hu\/turbo-suli\/#breadcrumb","itemListElement":[{"@type":"ListItem","position":1,"name":"Kezd\u0151lap","item":"https:\/\/turbotanoda.hu\/"},{"@type":"ListItem","position":2,"name":"Turbo Suli"}]},{"@type":"WebSite","@id":"https:\/\/turbotanoda.hu\/#website","url":"https:\/\/turbotanoda.hu\/","name":"Turbo Tanoda","description":"Turbo Tanul\u00e1s","potentialAction":[{"@type":"SearchAction","target":{"@type":"EntryPoint","urlTemplate":"https:\/\/turbotanoda.hu\/?s={search_term_string}"},"query-input":{"@type":"PropertyValueSpecification","valueRequired":true,"valueName":"search_term_string"}}],"inLanguage":"en-US"}]}},"_links":{"self":[{"href":"https:\/\/turbotanoda.hu\/en\/wp-json\/wp\/v2\/pages\/48","targetHints":{"allow":["GET"]}}],"collection":[{"href":"https:\/\/turbotanoda.hu\/en\/wp-json\/wp\/v2\/pages"}],"about":[{"href":"https:\/\/turbotanoda.hu\/en\/wp-json\/wp\/v2\/types\/page"}],"author":[{"embeddable":true,"href":"https:\/\/turbotanoda.hu\/en\/wp-json\/wp\/v2\/users\/5"}],"replies":[{"embeddable":true,"href":"https:\/\/turbotanoda.hu\/en\/wp-json\/wp\/v2\/comments?post=48"}],"version-history":[{"count":4,"href":"https:\/\/turbotanoda.hu\/en\/wp-json\/wp\/v2\/pages\/48\/revisions"}],"predecessor-version":[{"id":60,"href":"https:\/\/turbotanoda.hu\/en\/wp-json\/wp\/v2\/pages\/48\/revisions\/60"}],"wp:attachment":[{"href":"https:\/\/turbotanoda.hu\/en\/wp-json\/wp\/v2\/media?parent=48"}],"curies":[{"name":"wp","href":"https:\/\/api.w.org\/{rel}","templated":true}]}}