{"id":610,"date":"2018-05-26T12:35:57","date_gmt":"2018-05-26T12:35:57","guid":{"rendered":"http:\/\/turbotanoda.hu\/?page_id=610"},"modified":"2018-05-26T12:35:57","modified_gmt":"2018-05-26T12:35:57","slug":"adatvedelmi-tajekoztato-es-felhasznalasi-feltetelek","status":"publish","type":"page","link":"https:\/\/turbotanoda.hu\/en\/adatvedelmi-tajekoztato-es-felhasznalasi-feltetelek\/","title":{"rendered":"Adatv\u00e9delmi t\u00e1j\u00e9koztat\u00f3 \u00e9s felhaszn\u00e1l\u00e1si felt\u00e9telek"},"content":{"rendered":"<p>Adatv\u00e9delmi t\u00e1j\u00e9koztat\u00f3 \u00e9s felhaszn\u00e1l\u00e1si felt\u00e9telek<\/p>","protected":false},"excerpt":{"rendered":"<p>Adatv\u00e9delmi t\u00e1j\u00e9koztat\u00f3 \u00e9s felhaszn\u00e1l\u00e1si felt\u00e9telek<\/p>","protected":false},"author":5,"featured_media":0,"parent":0,"menu_order":0,"comment_status":"closed","ping_status":"closed","template":"","meta":{"footnotes":""},"class_list":["post-610","page","type-page","status-publish","hentry"],"yoast_head":"<!-- This site is optimized with the Yoast SEO plugin v27.5 - https:\/\/yoast.com\/product\/yoast-seo-wordpress\/ -->\n<title>Adatv\u00e9delmi t\u00e1j\u00e9koztat\u00f3 \u00e9s felhaszn\u00e1l\u00e1si felt\u00e9telek - Turbo Tanoda<\/title>\n<meta name=\"robots\" content=\"index, follow, max-snippet:-1, max-image-preview:large, max-video-preview:-1\" \/>\n<link rel=\"canonical\" href=\"https:\/\/turbotanoda.hu\/en\/adatvedelmi-tajekoztato-es-felhasznalasi-feltetelek\/\" \/>\n<meta property=\"og:locale\" content=\"en_US\" \/>\n<meta property=\"og:type\" content=\"article\" \/>\n<meta property=\"og:title\" content=\"Adatv\u00e9delmi t\u00e1j\u00e9koztat\u00f3 \u00e9s felhaszn\u00e1l\u00e1si felt\u00e9telek - Turbo Tanoda\" \/>\n<meta property=\"og:description\" content=\"Adatv\u00e9delmi t\u00e1j\u00e9koztat\u00f3 \u00e9s felhaszn\u00e1l\u00e1si felt\u00e9telek\" \/>\n<meta property=\"og:url\" content=\"https:\/\/turbotanoda.hu\/en\/adatvedelmi-tajekoztato-es-felhasznalasi-feltetelek\/\" \/>\n<meta property=\"og:site_name\" content=\"Turbo Tanoda\" \/>\n<meta name=\"twitter:card\" content=\"summary_large_image\" \/>\n<script type=\"application\/ld+json\" class=\"yoast-schema-graph\">{\"@context\":\"https:\\\/\\\/schema.org\",\"@graph\":[{\"@type\":\"WebPage\",\"@id\":\"https:\\\/\\\/turbotanoda.hu\\\/adatvedelmi-tajekoztato-es-felhasznalasi-feltetelek\\\/\",\"url\":\"https:\\\/\\\/turbotanoda.hu\\\/adatvedelmi-tajekoztato-es-felhasznalasi-feltetelek\\\/\",\"name\":\"Adatv\u00e9delmi t\u00e1j\u00e9koztat\u00f3 \u00e9s felhaszn\u00e1l\u00e1si felt\u00e9telek - Turbo Tanoda\",\"isPartOf\":{\"@id\":\"https:\\\/\\\/turbotanoda.hu\\\/#website\"},\"datePublished\":\"2018-05-26T12:35:57+00:00\",\"breadcrumb\":{\"@id\":\"https:\\\/\\\/turbotanoda.hu\\\/adatvedelmi-tajekoztato-es-felhasznalasi-feltetelek\\\/#breadcrumb\"},\"inLanguage\":\"en-US\",\"potentialAction\":[{\"@type\":\"ReadAction\",\"target\":[\"https:\\\/\\\/turbotanoda.hu\\\/adatvedelmi-tajekoztato-es-felhasznalasi-feltetelek\\\/\"]}]},{\"@type\":\"BreadcrumbList\",\"@id\":\"https:\\\/\\\/turbotanoda.hu\\\/adatvedelmi-tajekoztato-es-felhasznalasi-feltetelek\\\/#breadcrumb\",\"itemListElement\":[{\"@type\":\"ListItem\",\"position\":1,\"name\":\"Kezd\u0151lap\",\"item\":\"https:\\\/\\\/turbotanoda.hu\\\/\"},{\"@type\":\"ListItem\",\"position\":2,\"name\":\"Adatv\u00e9delmi t\u00e1j\u00e9koztat\u00f3 \u00e9s felhaszn\u00e1l\u00e1si felt\u00e9telek\"}]},{\"@type\":\"WebSite\",\"@id\":\"https:\\\/\\\/turbotanoda.hu\\\/#website\",\"url\":\"https:\\\/\\\/turbotanoda.hu\\\/\",\"name\":\"Turbo Tanoda\",\"description\":\"Turbo Tanul\u00e1s\",\"potentialAction\":[{\"@type\":\"SearchAction\",\"target\":{\"@type\":\"EntryPoint\",\"urlTemplate\":\"https:\\\/\\\/turbotanoda.hu\\\/?s={search_term_string}\"},\"query-input\":{\"@type\":\"PropertyValueSpecification\",\"valueRequired\":true,\"valueName\":\"search_term_string\"}}],\"inLanguage\":\"en-US\"}]}<\/script>\n<!-- \/ Yoast SEO plugin. -->","yoast_head_json":{"title":"Adatv\u00e9delmi t\u00e1j\u00e9koztat\u00f3 \u00e9s felhaszn\u00e1l\u00e1si felt\u00e9telek - Turbo Tanoda","robots":{"index":"index","follow":"follow","max-snippet":"max-snippet:-1","max-image-preview":"max-image-preview:large","max-video-preview":"max-video-preview:-1"},"canonical":"https:\/\/turbotanoda.hu\/en\/adatvedelmi-tajekoztato-es-felhasznalasi-feltetelek\/","og_locale":"en_US","og_type":"article","og_title":"Adatv\u00e9delmi t\u00e1j\u00e9koztat\u00f3 \u00e9s felhaszn\u00e1l\u00e1si felt\u00e9telek - Turbo Tanoda","og_description":"Adatv\u00e9delmi t\u00e1j\u00e9koztat\u00f3 \u00e9s felhaszn\u00e1l\u00e1si felt\u00e9telek","og_url":"https:\/\/turbotanoda.hu\/en\/adatvedelmi-tajekoztato-es-felhasznalasi-feltetelek\/","og_site_name":"Turbo Tanoda","twitter_card":"summary_large_image","schema":{"@context":"https:\/\/schema.org","@graph":[{"@type":"WebPage","@id":"https:\/\/turbotanoda.hu\/adatvedelmi-tajekoztato-es-felhasznalasi-feltetelek\/","url":"https:\/\/turbotanoda.hu\/adatvedelmi-tajekoztato-es-felhasznalasi-feltetelek\/","name":"Adatv\u00e9delmi t\u00e1j\u00e9koztat\u00f3 \u00e9s felhaszn\u00e1l\u00e1si felt\u00e9telek - Turbo Tanoda","isPartOf":{"@id":"https:\/\/turbotanoda.hu\/#website"},"datePublished":"2018-05-26T12:35:57+00:00","breadcrumb":{"@id":"https:\/\/turbotanoda.hu\/adatvedelmi-tajekoztato-es-felhasznalasi-feltetelek\/#breadcrumb"},"inLanguage":"en-US","potentialAction":[{"@type":"ReadAction","target":["https:\/\/turbotanoda.hu\/adatvedelmi-tajekoztato-es-felhasznalasi-feltetelek\/"]}]},{"@type":"BreadcrumbList","@id":"https:\/\/turbotanoda.hu\/adatvedelmi-tajekoztato-es-felhasznalasi-feltetelek\/#breadcrumb","itemListElement":[{"@type":"ListItem","position":1,"name":"Kezd\u0151lap","item":"https:\/\/turbotanoda.hu\/"},{"@type":"ListItem","position":2,"name":"Adatv\u00e9delmi t\u00e1j\u00e9koztat\u00f3 \u00e9s felhaszn\u00e1l\u00e1si felt\u00e9telek"}]},{"@type":"WebSite","@id":"https:\/\/turbotanoda.hu\/#website","url":"https:\/\/turbotanoda.hu\/","name":"Turbo Tanoda","description":"Turbo Tanul\u00e1s","potentialAction":[{"@type":"SearchAction","target":{"@type":"EntryPoint","urlTemplate":"https:\/\/turbotanoda.hu\/?s={search_term_string}"},"query-input":{"@type":"PropertyValueSpecification","valueRequired":true,"valueName":"search_term_string"}}],"inLanguage":"en-US"}]}},"_links":{"self":[{"href":"https:\/\/turbotanoda.hu\/en\/wp-json\/wp\/v2\/pages\/610","targetHints":{"allow":["GET"]}}],"collection":[{"href":"https:\/\/turbotanoda.hu\/en\/wp-json\/wp\/v2\/pages"}],"about":[{"href":"https:\/\/turbotanoda.hu\/en\/wp-json\/wp\/v2\/types\/page"}],"author":[{"embeddable":true,"href":"https:\/\/turbotanoda.hu\/en\/wp-json\/wp\/v2\/users\/5"}],"replies":[{"embeddable":true,"href":"https:\/\/turbotanoda.hu\/en\/wp-json\/wp\/v2\/comments?post=610"}],"version-history":[{"count":1,"href":"https:\/\/turbotanoda.hu\/en\/wp-json\/wp\/v2\/pages\/610\/revisions"}],"predecessor-version":[{"id":612,"href":"https:\/\/turbotanoda.hu\/en\/wp-json\/wp\/v2\/pages\/610\/revisions\/612"}],"wp:attachment":[{"href":"https:\/\/turbotanoda.hu\/en\/wp-json\/wp\/v2\/media?parent=610"}],"curies":[{"name":"wp","href":"https:\/\/api.w.org\/{rel}","templated":true}]}}